{"id":1107,"date":"2021-06-02T16:19:35","date_gmt":"2021-06-02T16:19:35","guid":{"rendered":"https:\/\/rifondazionegrosseto.com\/?page_id=1107"},"modified":"2024-02-13T17:54:56","modified_gmt":"2024-02-13T17:54:56","slug":"iscriviti-a-rifondazione","status":"publish","type":"page","link":"https:\/\/rifondazionegrosseto.com\/","title":{"rendered":"ISCRIVITI AL CIRCOLO&nbsp; DI RIFONDAZIONE COMUNISTA GROSSETO."},"content":{"rendered":"\n<p class=\"wp-block-paragraph\"><\/p>\n\n\n<div class=\"wp-block-image\">\n<figure class=\"aligncenter size-large\"><img loading=\"lazy\" decoding=\"async\" width=\"261\" height=\"193\" src=\"https:\/\/i0.wp.com\/rifondazionegrosseto.com\/wp-content\/uploads\/2024\/02\/image_downloader_17078466444454797784833944947413.jpg?resize=261%2C193&#038;ssl=1\" alt=\"\" class=\"wp-image-3410\"\/><\/figure>\n<\/div>\n\n\n<figure class=\"wp-block-image\"><img loading=\"lazy\" decoding=\"async\" width=\"300\" height=\"214\" src=\"https:\/\/i0.wp.com\/rifondazionegrosseto.com\/wp-content\/uploads\/2021\/06\/wp-16226506247445064819650357897839.png?resize=300%2C214&#038;ssl=1\" alt=\"\" class=\"wp-image-1112\" srcset=\"https:\/\/i0.wp.com\/rifondazionegrosseto.com\/wp-content\/uploads\/2021\/06\/wp-16226506247445064819650357897839.png?resize=300%2C214&amp;ssl=1 300w, https:\/\/i0.wp.com\/rifondazionegrosseto.com\/wp-content\/uploads\/2021\/06\/wp-16226506247445064819650357897839.png?resize=768%2C547&amp;ssl=1 768w, https:\/\/i0.wp.com\/rifondazionegrosseto.com\/wp-content\/uploads\/2021\/06\/wp-16226506247445064819650357897839.png?resize=900%2C645&amp;ssl=1 900w, https:\/\/i0.wp.com\/rifondazionegrosseto.com\/wp-content\/uploads\/2021\/06\/wp-16226506247445064819650357897839.png?resize=505%2C360&amp;ssl=1 505w, https:\/\/i0.wp.com\/rifondazionegrosseto.com\/wp-content\/uploads\/2021\/06\/wp-16226506247445064819650357897839.png?w=905&amp;ssl=1 905w\" sizes=\"auto, (max-width: 300px) 100vw, 300px\" \/><\/figure>\n\n\n\n<figure class=\"wp-block-image\"><img loading=\"lazy\" decoding=\"async\" width=\"300\" height=\"300\" src=\"https:\/\/i0.wp.com\/rifondazionegrosseto.com\/wp-content\/uploads\/2021\/06\/wp-16226506243064361124016247607730.png?resize=300%2C300&#038;ssl=1\" alt=\"\" class=\"wp-image-1110\" srcset=\"https:\/\/i0.wp.com\/rifondazionegrosseto.com\/wp-content\/uploads\/2021\/06\/wp-16226506243064361124016247607730.png?resize=300%2C300&amp;ssl=1 300w, https:\/\/i0.wp.com\/rifondazionegrosseto.com\/wp-content\/uploads\/2021\/06\/wp-16226506243064361124016247607730.png?resize=1024%2C1024&amp;ssl=1 1024w, https:\/\/i0.wp.com\/rifondazionegrosseto.com\/wp-content\/uploads\/2021\/06\/wp-16226506243064361124016247607730.png?resize=150%2C150&amp;ssl=1 150w, https:\/\/i0.wp.com\/rifondazionegrosseto.com\/wp-content\/uploads\/2021\/06\/wp-16226506243064361124016247607730.png?resize=768%2C768&amp;ssl=1 768w, https:\/\/i0.wp.com\/rifondazionegrosseto.com\/wp-content\/uploads\/2021\/06\/wp-16226506243064361124016247607730.png?resize=1200%2C1200&amp;ssl=1 1200w, https:\/\/i0.wp.com\/rifondazionegrosseto.com\/wp-content\/uploads\/2021\/06\/wp-16226506243064361124016247607730.png?resize=800%2C800&amp;ssl=1 800w, https:\/\/i0.wp.com\/rifondazionegrosseto.com\/wp-content\/uploads\/2021\/06\/wp-16226506243064361124016247607730.png?resize=400%2C400&amp;ssl=1 400w, https:\/\/i0.wp.com\/rifondazionegrosseto.com\/wp-content\/uploads\/2021\/06\/wp-16226506243064361124016247607730.png?resize=200%2C200&amp;ssl=1 200w, https:\/\/i0.wp.com\/rifondazionegrosseto.com\/wp-content\/uploads\/2021\/06\/wp-16226506243064361124016247607730.png?resize=360%2C360&amp;ssl=1 360w, https:\/\/i0.wp.com\/rifondazionegrosseto.com\/wp-content\/uploads\/2021\/06\/wp-16226506243064361124016247607730.png?w=1240&amp;ssl=1 1240w\" sizes=\"auto, (max-width: 300px) 100vw, 300px\" \/><\/figure>\n\n\n\n<p class=\"wp-block-paragraph\">Contattaci attraverso il modulo che trovi qui inserito , sar\u00e0 nostra premura ricontattarti al pi\u00f9 presto, potrai richiedere sia la tessera adulti&nbsp; sei hai compiuto i 30 anni di et\u00e0 oppure la tessera dei Giovani comunisti se hai dai 14 ai 29 anni<\/p>\n\n\n\n<p class=\"wp-block-paragraph\"><div data-test='contact-form'\n\t\t\tid='contact-form-1107'\n\t\t\tclass='jetpack-contact-form-container '\n\t\t\tdata-wp-interactive='jetpack\/form' data-wp-context='{\"formId\":\"1107\",\"formHash\":\"130fa901cf7a0a20c3a87ab2035071dad0de6bd8\",\"showErrors\":false,\"errors\":[],\"fields\":[],\"isMultiStep\":false,\"useAjax\":false,\"submissionData\":null,\"formattedSubmissionData\":[],\"submissionSuccess\":false,\"submissionError\":null,\"elementId\":\"jp-form-130fa901cf7a0a20c3a87ab2035071dad0de6bd8\",\"isSingleInputForm\":false,\"isForcedHorizontal\":false}'\n\t\t\tdata-wp-watch--scroll-to-wrapper=\"callbacks.scrollToWrapper\"\n\t\t>\n<div class=\"contact-form-submission contact-form-ajax-submission\" data-wp-bind--aria-hidden=\"state.isSuccessMessageAriaHidden\" data-wp-class--submission-success=\"context.submissionSuccess\" id=\"contact-form-success-130fa901cf7a0a20c3a87ab2035071dad0de6bd8\" tabindex=\"-1\" aria-labelledby=\"contact-form-success-header-130fa901cf7a0a20c3a87ab2035071dad0de6bd8\"><p class=\"go-back-message\"><a class=\"link\" role=\"button\" tabindex=\"0\" data-wp-on--click=\"actions.goBack\" href=\"\/index.php?rest_route=%2Fwp%2Fv2%2Fpages%2F1107\">\u2190 Precedente<\/a><\/p><h4 data-wp-bind--aria-hidden=\"state.isSuccessMessageAriaHidden\" id=\"contact-form-success-header-130fa901cf7a0a20c3a87ab2035071dad0de6bd8\">Grazie per la risposta. \u2728<\/h4>\n\n<template data-wp-each--submission=\"context.formattedSubmissionData\">\n\t\t\t\t\t<div class=\"jetpack_forms_contact-form-success-summary\">\n\t\t\t\t\t\t<div class=\"field-name-wrapper\">\n\t\t\t\t\t\t\t<div class=\"field-type-icon\" data-wp-watch=\"callbacks.watchFieldTypeIcon\"><\/div>\n\t\t\t\t\t\t\t<div class=\"field-name\" data-wp-text=\"context.submission.label\" data-wp-bind--hidden=\"!context.submission.label\"><\/div>\n\t\t\t\t\t\t<\/div>\n\t\t\t\t\t\t<div class=\"field-value\" data-wp-text=\"context.submission.value\" data-wp-bind--hidden=\"!context.submission.showPlainValue\"><\/div>\n\t\t\t\t\t\t<a class=\"field-url\" data-wp-bind--href=\"context.submission.url\" data-wp-text=\"context.submission.value\" data-wp-bind--hidden=\"!context.submission.url\" target=\"_blank\" rel=\"noopener noreferrer\"><\/a>\n\t\t\t\t\t\t<div class=\"field-rating\" data-wp-bind--hidden=\"!context.submission.rating\" data-wp-watch=\"callbacks.watchRatingIcons\"><\/div>\n\t\t\t\t\t\t<div class=\"field-images\" data-wp-bind--hidden=\"!context.submission.images\">\n\t\t\t\t\t\t\t<template data-wp-each--image=\"context.submission.images\">\n\t\t\t\t\t\t\t\t<div class=\"field-image-option\" data-wp-class--is-empty=\"!context.image.src\">\n\t\t\t\t\t\t\t\t\t<figure class=\"field-image-option__image\" data-wp-class--is-empty=\"!context.image.src\">\n\t\t\t\t\t\t\t\t\t\t<img data-wp-bind--src=\"context.image.src\" data-wp-bind--hidden=\"!context.image.src\" \/>\n\t\t\t\t\t\t\t\t\t\t<img decoding=\"async\" src=\"data:image\/gif;base64,R0lGODlhAQABAAD\/ACwAAAAAAQABAAACADs=\" data-wp-bind--hidden=\"context.image.src\" \/>\n\t\t\t\t\t\t\t\t\t<\/figure>\n\t\t\t\t\t\t\t\t\t<div class=\"field-image-option__label-wrapper\">\n\t\t\t\t\t\t\t\t\t\t<span class=\"field-image-option__label-code\" data-wp-text=\"context.image.letterCode\"><\/span>\n\t\t\t\t\t\t\t\t\t\t<span class=\"field-image-option__label\" data-wp-text=\"context.image.label\" data-wp-bind--hidden=\"!context.image.label\"><\/span>\n\t\t\t\t\t\t\t\t\t<\/div>\n\t\t\t\t\t\t\t\t<\/div>\n\t\t\t\t\t\t\t<\/template>\n\t\t\t\t\t\t<\/div>\n\t\t\t\t\t\t<div class=\"field-files\" data-wp-bind--hidden=\"!context.submission.files\">\n\t\t\t\t\t\t\t<template data-wp-each--file=\"context.submission.files\">\n\t\t\t\t\t\t\t\t<div class=\"field-file\">\n\t\t\t\t\t\t\t\t\t<div class=\"field-file__thumbnail\" data-wp-style--background-image=\"context.file.previewUrl\" data-wp-style--mask-image=\"context.file.iconUrl\" data-wp-bind--hidden=\"!context.file.hasPreview\"><\/div>\n\t\t\t\t\t\t\t\t\t<svg class=\"field-file__icon\" data-wp-bind--hidden=\"context.file.hasPreview\" width=\"20\" height=\"20\" viewBox=\"0 0 24 24\" fill=\"none\" xmlns=\"http:\/\/www.w3.org\/2000\/svg\" aria-hidden=\"true\">\n\t\t\t\t\t\t\t\t\t\t<path d=\"M14 2H6C4.9 2 4 2.9 4 4V20C4 21.1 4.89 22 5.99 22H18C19.1 22 20 21.1 20 20V8L14 2ZM18 20H6V4H13V9H18V20Z\" fill=\"currentColor\"\/>\n\t\t\t\t\t\t\t\t\t<\/svg>\n\t\t\t\t\t\t\t\t\t<span class=\"field-file__name\" data-wp-text=\"context.file.name\"><\/span>\n\t\t\t\t\t\t\t\t\t<span class=\"field-file__size\" data-wp-text=\"context.file.size\"><\/span>\n\t\t\t\t\t\t\t\t<\/div>\n\t\t\t\t\t\t\t<\/template>\n\t\t\t\t\t\t<\/div>\n\t\t\t\t\t<\/div>\n\t\t\t\t<\/template><\/div><form action='https:\/\/rifondazionegrosseto.com\/'\n\t\t\t\tid='jp-form-130fa901cf7a0a20c3a87ab2035071dad0de6bd8'\n\t\t\t\tmethod='post'\n\t\t\t\tclass='contact-form commentsblock jetpack-contact-form__form has-no-jetpack-form-layout' aria-label=\"ISCRIVITI AL CIRCOLO&nbsp; DI RIFONDAZIONE COMUNISTA GROSSETO.\"\n\t\t\t\tdata-wp-on--submit=\"actions.onFormSubmit\"\n\t\t\t\tdata-wp-on--reset=\"actions.onFormReset\"\n\t\t\t\tdata-wp-class--submission-success=\"context.submissionSuccess\"\n\t\t\t\tdata-wp-class--is-first-step=\"state.isFirstStep\"\n\t\t\t\tdata-wp-class--is-last-step=\"state.isLastStep\"\n\t\t\t\tdata-wp-class--is-ajax-form=\"context.useAjax\"\n\t\t\t\tnovalidate >\n<input type='hidden' name='jetpack_contact_form_jwt' value='eyJ0eXAiOiJKV1QiLCJhbGciOiJIUzI1NiJ9.eyJlbmNyeXB0ZWRfYXR0cmlidXRlcyI6InpYNk0xaTlPM1VSWFViUnVXTGNiMnVpQUQrN1BmR3JwNHl3bnNCTkU1djlaT2xLeVpHd3FuZ0pRUGMvNXc2NEJjUHNlZFNFUlo0YnNSbUNVRXg3bHc2czQyWTYyVUdhL0wyYWdlS2RLMEFYU09sRVgwc1lWS1dmaVhYUTNLdTlMZG1YMFBFai9Pb202VWo2eHNUbnJobHNzTjdtZCtGOFo3QVNWTFFUZHFaeE82bkNrZkhoK3FJekFHQWxObGdiSUlRQVR1aEp4R3ZDNms3ZkR4b0l2Ukx3S2Uwc2hFSFZad1MxK2ZOc1pMTEh0QzVTWGhndlNvT1ByeXN3czBYeHZuV1FaWGY2QnBrRHdOZnNsdXFCQXg0YWhNWlQzdk4vWkhWakNlRmtMY0crRXNzVFpyT0ZNdGV4Ulh4ZnhNMFdndzFUMUdOeGlRcTdxenZmaTh0dVo1Y2pQejcwekZLLzdmUlE3c2k2SVZqSnZabVJDOGVYT3lObTdNemhhUTVpOFZIVGxoanZmWFNob2dHM2MyMndJWGpLMmZpSEswcGxJMGNUb1BGMXFqR0NNeHFNQnZKRGtITzJzak1qbllQemRLSitaa1RVeEFacmsweTJ0c09SaW5FWVM4Ymx1ZnE1OHcwcWp1ckV2cDNZWmFJRWFlVlZGamw5QkI2b3Z5dzBKYjlONUt5ajhZcElWbEhSWHNIQTRnaHIrUG1pUUZjYW9USDhna2t0YkdDR2ZWeDR2K1N5UU5rSnJ4cGJ6bVZHRUt4Z0lleWhDYTE1ZkhuOTVxVldMSWNLb21kMW5rTkRvWEQ4bGR6czg3cW5CQXdLM2FnbWYrTXVxS0RtUE1aMndmWWx5ZDkvVkhUYjdDWWxnYTU2NXBySGtPQXJSK3dGWlJBaEZpNXFkOUNORmp5V2Y5andtaXliR1ZWL0sveTFnbStDaUNxUFNsV2RyeUFyNDIwaitZeEl2Yysvak9OVDkyYU45UkxJM0JvZ3lodW0xT1FsU1FPTDkrcnlDc2dudEFMQ3ZsZ3lScUt6WEliRmtXcFpPb0ZIQ3k1Ry83ZHJRYllTdkxuNGdrYlVadjQ3a045TXBKcHVnUVVNbG16UzRndUszOEdjTTNXa3lmUGgxTms3T1hJUnZreCtES1dTTHVxaS9uaGlyek5qVXZnVmRyZXBseHBhUTcwYndWdEhXRUQ4MUtDQ0szYjh6b2ZqMVBLTUorcVpZNUVEQU9ZMU9YTzN0VEg2U0h4ejBsaFZNM2xVckFkZmliU2t5d1RNMWxDbnc5eVp5VEpTUEh4dFBjSW1sQkc2NzNVZ2hYSFROT2JBZ0FZRDhFQ3l5b2tCRThKVkJrYXcvRDRCMFF3TEltRUovZFF6VVJJcDhmc0xhMXJrdGR3Um5kN0FGVmtrWUhBMD0iLCJjb250ZW50IjoiW2NvbnRhY3QtZmllbGQgbGFiZWw9XCJOb21lXCIgdHlwZT1cIm5hbWVcIiAgcmVxdWlyZWQ9XCJ0cnVlXCIgL11bY29udGFjdC1maWVsZCBsYWJlbD1cIkVtYWlsXCIgdHlwZT1cImVtYWlsXCIgcmVxdWlyZWQ9XCJ0cnVlXCIgL11bY29udGFjdC1maWVsZCBsYWJlbD1cIlNpdG8gd2ViXCIgdHlwZT1cInVybFwiIC9dW2NvbnRhY3QtZmllbGQgbGFiZWw9XCJNZXNzYWdnaW9cIiB0eXBlPVwidGV4dGFyZWFcIiAvXSIsImhhc2giOiIxMzBmYTkwMWNmN2EwYTIwYzNhODdhYjIwMzUwNzFkYWQwZGU2YmQ4Iiwic291cmNlIjp7ImVudHJ5X3RpdGxlIjoiSVNDUklWSVRJIEFMIENJUkNPTE9cdTAwYTAgREkgUklGT05EQVpJT05FIENPTVVOSVNUQSBHUk9TU0VUTy4iLCJlbnRyeV9wYWdlIjoxLCJzb3VyY2VfaWQiOjExMDcsInNvdXJjZV90eXBlIjoic2luZ2xlIiwicmVxdWVzdF91cmwiOiJodHRwczovL3JpZm9uZGF6aW9uZWdyb3NzZXRvLmNvbSJ9LCJ2ZXJzaW9uIjoyLCJjaXBoZXIiOiJhZXMtMjU2LWdjbSJ9.yyxDk1o3hwxrTePJffUFk5x6iunbkStY7fP0CPaUVF4' \/>\n\n<div style=\"\"  data-wp-interactive=\"jetpack\/form\" data-wp-context='{\"fieldId\":\"g1107-nome\",\"fieldType\":\"name\",\"fieldLabel\":\"Nome\",\"fieldValue\":\"\",\"fieldPlaceholder\":\"\",\"fieldIsRequired\":\"1\",\"fieldErrorMessage\":\"\",\"fieldExtra\":[],\"formHash\":\"130fa901cf7a0a20c3a87ab2035071dad0de6bd8\"}'  class='grunion-field-name-wrap grunion-field-wrap'  data-wp-init='callbacks.initializeField' data-wp-on--jetpack-form-reset='callbacks.initializeField' >\n<label\n\t\t\t\tfor='g1107-nome' class=\"grunion-field-label name\" >Nome<span class=\"grunion-label-required\" aria-hidden=\"true\">(obbligatorio)<\/span><\/label>\n<input\n\t\t\t\t\ttype='text'\n\t\t\t\t\tname='g1107-nome'\n\t\t\t\t\tid='g1107-nome'\n\t\t\t\t\tvalue=''\n\n\t\t\t\t\tdata-wp-bind--aria-invalid='state.fieldAriaInvalid'\n\t\t\t\t\tdata-wp-bind--value='state.getFieldValue'\n\t\t\t\t\taria-describedby='g1107-nome-text-error-message'\n\t\t\t\t\tdata-wp-on--input='actions.onFieldChange'\n\t\t\t\t\tdata-wp-on--blur='actions.onFieldBlur'\n\t\t\t\t\tdata-wp-class--has-value='state.hasFieldValue'\n\n\t\t\t\t\tclass='name  grunion-field' \n\t\t\t\t\trequired='true' aria-required='true'  \/>\n \n\t\t\t<div id=\"g1107-nome-text-error\" class=\"contact-form__input-error\" data-wp-class--has-errors=\"state.fieldHasErrors\">\n\t\t\t\t<span class=\"contact-form__warning-icon\" aria-hidden=\"true\">\n\t\t\t\t\t<svg width=\"16\" height=\"16\" viewBox=\"0 0 16 16\" fill=\"none\" xmlns=\"http:\/\/www.w3.org\/2000\/svg\">\n\t\t\t\t\t\t<path d=\"M8.50015 11.6402H7.50015V10.6402H8.50015V11.6402Z\" \/>\n\t\t\t\t\t\t<path d=\"M7.50015 9.64018H8.50015V6.30684H7.50015V9.64018Z\" \/>\n\t\t\t\t\t\t<path fill-rule=\"evenodd\" clip-rule=\"evenodd\" d=\"M6.98331 3.0947C7.42933 2.30177 8.57096 2.30177 9.01698 3.09469L13.8771 11.7349C14.3145 12.5126 13.7525 13.4735 12.8602 13.4735H3.14004C2.24774 13.4735 1.68575 12.5126 2.12321 11.7349L6.98331 3.0947ZM8.14541 3.58496C8.08169 3.47168 7.9186 3.47168 7.85488 3.58496L2.99478 12.2251C2.93229 12.3362 3.01257 12.4735 3.14004 12.4735H12.8602C12.9877 12.4735 13.068 12.3362 13.0055 12.2251L8.14541 3.58496Z\" \/>\n\t\t\t\t\t<\/svg>\n\t\t\t\t<\/span>\n\t\t\t\t<span data-wp-text=\"state.errorMessage\" id=\"g1107-nome-text-error-message\"><\/span>\n\t\t\t<\/div> \n\t<\/div>\n\n<div style=\"\"  data-wp-interactive=\"jetpack\/form\" data-wp-context='{\"fieldId\":\"g1107-email\",\"fieldType\":\"email\",\"fieldLabel\":\"Email\",\"fieldValue\":\"\",\"fieldPlaceholder\":\"\",\"fieldIsRequired\":\"1\",\"fieldErrorMessage\":\"\",\"fieldExtra\":[],\"formHash\":\"130fa901cf7a0a20c3a87ab2035071dad0de6bd8\"}'  class='grunion-field-email-wrap grunion-field-wrap'  data-wp-init='callbacks.initializeField' data-wp-on--jetpack-form-reset='callbacks.initializeField' >\n<label\n\t\t\t\tfor='g1107-email' class=\"grunion-field-label email\" >Email<span class=\"grunion-label-required\" aria-hidden=\"true\">(obbligatorio)<\/span><\/label>\n<input\n\t\t\t\t\ttype='email'\n\t\t\t\t\tname='g1107-email'\n\t\t\t\t\tid='g1107-email'\n\t\t\t\t\tvalue=''\n\n\t\t\t\t\tdata-wp-bind--aria-invalid='state.fieldAriaInvalid'\n\t\t\t\t\tdata-wp-bind--value='state.getFieldValue'\n\t\t\t\t\taria-describedby='g1107-email-email-error-message'\n\t\t\t\t\tdata-wp-on--input='actions.onFieldChange'\n\t\t\t\t\tdata-wp-on--blur='actions.onFieldBlur'\n\t\t\t\t\tdata-wp-class--has-value='state.hasFieldValue'\n\n\t\t\t\t\tclass='email  grunion-field' \n\t\t\t\t\trequired='true' aria-required='true'  \/>\n \n\t\t\t<div id=\"g1107-email-email-error\" class=\"contact-form__input-error\" data-wp-class--has-errors=\"state.fieldHasErrors\">\n\t\t\t\t<span class=\"contact-form__warning-icon\" aria-hidden=\"true\">\n\t\t\t\t\t<svg width=\"16\" height=\"16\" viewBox=\"0 0 16 16\" fill=\"none\" xmlns=\"http:\/\/www.w3.org\/2000\/svg\">\n\t\t\t\t\t\t<path d=\"M8.50015 11.6402H7.50015V10.6402H8.50015V11.6402Z\" \/>\n\t\t\t\t\t\t<path d=\"M7.50015 9.64018H8.50015V6.30684H7.50015V9.64018Z\" \/>\n\t\t\t\t\t\t<path fill-rule=\"evenodd\" clip-rule=\"evenodd\" d=\"M6.98331 3.0947C7.42933 2.30177 8.57096 2.30177 9.01698 3.09469L13.8771 11.7349C14.3145 12.5126 13.7525 13.4735 12.8602 13.4735H3.14004C2.24774 13.4735 1.68575 12.5126 2.12321 11.7349L6.98331 3.0947ZM8.14541 3.58496C8.08169 3.47168 7.9186 3.47168 7.85488 3.58496L2.99478 12.2251C2.93229 12.3362 3.01257 12.4735 3.14004 12.4735H12.8602C12.9877 12.4735 13.068 12.3362 13.0055 12.2251L8.14541 3.58496Z\" \/>\n\t\t\t\t\t<\/svg>\n\t\t\t\t<\/span>\n\t\t\t\t<span data-wp-text=\"state.errorMessage\" id=\"g1107-email-email-error-message\"><\/span>\n\t\t\t<\/div> \n\t<\/div>\n\n<div style=\"\"  data-wp-interactive=\"jetpack\/form\" data-wp-context='{\"fieldId\":\"g1107-sitoweb\",\"fieldType\":\"url\",\"fieldLabel\":\"Sito web\",\"fieldValue\":\"\",\"fieldPlaceholder\":\"\",\"fieldIsRequired\":\"\",\"fieldErrorMessage\":\"\",\"fieldExtra\":[],\"formHash\":\"130fa901cf7a0a20c3a87ab2035071dad0de6bd8\"}'  class='grunion-field-url-wrap grunion-field-wrap'  data-wp-init='callbacks.initializeField' data-wp-on--jetpack-form-reset='callbacks.initializeField' >\n<label\n\t\t\t\tfor='g1107-sitoweb' class=\"grunion-field-label url\" >Sito web<\/label>\n<input\n\t\t\t\t\ttype='text'\n\t\t\t\t\tname='g1107-sitoweb'\n\t\t\t\t\tid='g1107-sitoweb'\n\t\t\t\t\tvalue=''\n\n\t\t\t\t\tdata-wp-bind--aria-invalid='state.fieldAriaInvalid'\n\t\t\t\t\tdata-wp-bind--value='state.getFieldValue'\n\t\t\t\t\taria-describedby='g1107-sitoweb-text-error-message'\n\t\t\t\t\tdata-wp-on--input='actions.onFieldChange'\n\t\t\t\t\tdata-wp-on--blur='actions.onFieldBlur'\n\t\t\t\t\tdata-wp-class--has-value='state.hasFieldValue'\n\n\t\t\t\t\tclass='url  grunion-field' \n\t\t\t\t\t \/>\n \n\t\t\t<div id=\"g1107-sitoweb-text-error\" class=\"contact-form__input-error\" data-wp-class--has-errors=\"state.fieldHasErrors\">\n\t\t\t\t<span class=\"contact-form__warning-icon\" aria-hidden=\"true\">\n\t\t\t\t\t<svg width=\"16\" height=\"16\" viewBox=\"0 0 16 16\" fill=\"none\" xmlns=\"http:\/\/www.w3.org\/2000\/svg\">\n\t\t\t\t\t\t<path d=\"M8.50015 11.6402H7.50015V10.6402H8.50015V11.6402Z\" \/>\n\t\t\t\t\t\t<path d=\"M7.50015 9.64018H8.50015V6.30684H7.50015V9.64018Z\" \/>\n\t\t\t\t\t\t<path fill-rule=\"evenodd\" clip-rule=\"evenodd\" d=\"M6.98331 3.0947C7.42933 2.30177 8.57096 2.30177 9.01698 3.09469L13.8771 11.7349C14.3145 12.5126 13.7525 13.4735 12.8602 13.4735H3.14004C2.24774 13.4735 1.68575 12.5126 2.12321 11.7349L6.98331 3.0947ZM8.14541 3.58496C8.08169 3.47168 7.9186 3.47168 7.85488 3.58496L2.99478 12.2251C2.93229 12.3362 3.01257 12.4735 3.14004 12.4735H12.8602C12.9877 12.4735 13.068 12.3362 13.0055 12.2251L8.14541 3.58496Z\" \/>\n\t\t\t\t\t<\/svg>\n\t\t\t\t<\/span>\n\t\t\t\t<span data-wp-text=\"state.errorMessage\" id=\"g1107-sitoweb-text-error-message\"><\/span>\n\t\t\t<\/div> \n\t<\/div>\n\n<div style=\"\"  data-wp-interactive=\"jetpack\/form\" data-wp-context='{\"fieldId\":\"g1107-messaggio\",\"fieldType\":\"textarea\",\"fieldLabel\":\"Messaggio\",\"fieldValue\":\"\",\"fieldPlaceholder\":\"\",\"fieldIsRequired\":\"\",\"fieldErrorMessage\":\"\",\"fieldExtra\":[],\"formHash\":\"130fa901cf7a0a20c3a87ab2035071dad0de6bd8\"}'  class='grunion-field-textarea-wrap grunion-field-wrap'  data-wp-init='callbacks.initializeField' data-wp-on--jetpack-form-reset='callbacks.initializeField' >\n<label\n\t\t\t\tfor='contact-form-comment-g1107-messaggio' class=\"grunion-field-label textarea\" >Messaggio<\/label>\n<textarea\n\t\t                style=''\n\t\t                name='g1107-messaggio'\n\t\t                id='contact-form-comment-g1107-messaggio'\n\t\t                rows='20'\n\t\t\t\t\t\tdata-wp-text='state.getFieldValue'\n\t\t\t\t\t\tdata-wp-on--input='actions.onFieldChange'\n\t\t\t\t\t\tdata-wp-on--blur='actions.onFieldBlur'\n\t\t\t\t\t\tdata-wp-class--has-value='state.hasFieldValue'\n\t\t\t\t\t\taria-describedby='g1107-messaggio-textarea-error-message'\n\t\t\t\t\t\tdata-wp-bind--aria-invalid='state.fieldAriaInvalid'\n\t\t\t\t\t\tclass='textarea  grunion-field'  ><\/textarea>\n \n\t\t\t<div id=\"g1107-messaggio-textarea-error\" class=\"contact-form__input-error\" data-wp-class--has-errors=\"state.fieldHasErrors\">\n\t\t\t\t<span class=\"contact-form__warning-icon\" aria-hidden=\"true\">\n\t\t\t\t\t<svg width=\"16\" height=\"16\" viewBox=\"0 0 16 16\" fill=\"none\" xmlns=\"http:\/\/www.w3.org\/2000\/svg\">\n\t\t\t\t\t\t<path d=\"M8.50015 11.6402H7.50015V10.6402H8.50015V11.6402Z\" \/>\n\t\t\t\t\t\t<path d=\"M7.50015 9.64018H8.50015V6.30684H7.50015V9.64018Z\" \/>\n\t\t\t\t\t\t<path fill-rule=\"evenodd\" clip-rule=\"evenodd\" d=\"M6.98331 3.0947C7.42933 2.30177 8.57096 2.30177 9.01698 3.09469L13.8771 11.7349C14.3145 12.5126 13.7525 13.4735 12.8602 13.4735H3.14004C2.24774 13.4735 1.68575 12.5126 2.12321 11.7349L6.98331 3.0947ZM8.14541 3.58496C8.08169 3.47168 7.9186 3.47168 7.85488 3.58496L2.99478 12.2251C2.93229 12.3362 3.01257 12.4735 3.14004 12.4735H12.8602C12.9877 12.4735 13.068 12.3362 13.0055 12.2251L8.14541 3.58496Z\" \/>\n\t\t\t\t\t<\/svg>\n\t\t\t\t<\/span>\n\t\t\t\t<span data-wp-text=\"state.errorMessage\" id=\"g1107-messaggio-textarea-error-message\"><\/span>\n\t\t\t<\/div>\n\t<\/div>\n\t<p class='contact-submit'>\n<div class=\"contact-form__error\" data-wp-class--show-errors=\"state.showFormErrors\"><span class=\"contact-form__warning-icon\" aria-hidden=\"true\"><i><\/i><\/span><span class=\"contact-form__error-message\" tabindex=\"-1\" data-wp-watch=\"callbacks.focusOnValidationError\" data-wp-text=\"state.getFormErrorMessage\"><\/span><ul aria-label=\"Errori del modulo\">\n\t\t\t\t<template data-wp-each=\"state.getErrorList\" data-wp-key=\"context.item.id\">\n\t\t\t\t\t<li><a data-wp-bind--href=\"context.item.anchor\" data-wp-on--click=\"actions.scrollIntoView\" data-wp-text=\"context.item.label\"><\/a><\/li>\n\t\t\t\t<\/template>\n\t\t\t\t<\/ul><\/div><div class=\"contact-form__error\" data-wp-class--show-errors=\"state.showSubmissionError\" data-wp-text=\"context.submissionError\" tabindex=\"-1\" data-wp-watch=\"callbacks.focusOnSubmissionError\"><\/div>\t\t<button type='submit' class='pushbutton-wide'>Invia<\/button>\t\t<input type='hidden' name='contact-form-id' value='1107' \/>\n\t\t<input type='hidden' name='action' value='grunion-contact-form' \/>\n\t\t<input type='hidden' name='contact-form-hash' value='130fa901cf7a0a20c3a87ab2035071dad0de6bd8' \/>\n\t<\/p>\n<p style=\"display: none !important;\" class=\"akismet-fields-container\" data-prefix=\"ak_\"><label>&#916;<textarea name=\"ak_hp_textarea\" cols=\"45\" rows=\"8\" maxlength=\"100\"><\/textarea><\/label><\/p><\/form>\n<\/div><\/p>\n\n\n\n<ul class=\"wp-block-social-links is-layout-flex wp-block-social-links-is-layout-flex\"><\/ul>\n\n\n<div class=\"wp-block-coblocks-social has-colors\" style=\" \"><ul><li>\n\t\t\t\t\t<a href=\"http:\/\/twitter.com\/share?text=ISCRIVITI%20AL%20CIRCOLO&nbsp;%20DI%20RIFONDAZIONE%20COMUNISTA%20GROSSETO.&#038;url=https:\/\/rifondazionegrosseto.com\/\" class=\"wp-block-button__link wp-block-coblocks-social__button wp-block-coblocks-social__button--twitter     has-padding\" title=\"Condividi su Twitter\" style=\"border-radius: 40px;\">\n\t\t\t\t\t\t<span class=\"wp-block-coblocks-social__icon\" style=\"\"><\/span>\n\t\t\t\t\t\t<span class=\"wp-block-coblocks-social__text\" style=\"\">Condividi su Twitter<\/span>\n\t\t\t\t\t<\/a>\n\t\t\t\t<\/li><li>\n\t\t\t\t\t<a href=\"https:\/\/pinterest.com\/pin\/create\/button\/?&#038;url=https:\/\/rifondazionegrosseto.com\/&#038;description=ISCRIVITI%20AL%20CIRCOLO&nbsp;%20DI%20RIFONDAZIONE%20COMUNISTA%20GROSSETO.&#038;media=\" class=\"wp-block-button__link wp-block-coblocks-social__button wp-block-coblocks-social__button--pinterest     has-padding\" title=\"Condivisi su Pinterest\" style=\"border-radius: 40px;\">\n\t\t\t\t\t\t<span class=\"wp-block-coblocks-social__icon\" style=\"\"><\/span>\n\t\t\t\t\t\t<span class=\"wp-block-coblocks-social__text\" style=\"\">Condivisi su Pinterest<\/span>\n\t\t\t\t\t<\/a>\n\t\t\t\t<\/li><\/ul><\/div>\n\n\n<figure class=\"wp-block-image size-large\"><img loading=\"lazy\" decoding=\"async\" width=\"640\" height=\"659\" src=\"https:\/\/i0.wp.com\/rifondazionegrosseto.com\/wp-content\/uploads\/2024\/02\/17069059866103411013049662232924.jpg?resize=640%2C659&#038;ssl=1\" alt=\"\" class=\"wp-image-3407\" srcset=\"https:\/\/i0.wp.com\/rifondazionegrosseto.com\/wp-content\/uploads\/2024\/02\/17069059866103411013049662232924.jpg?resize=994%2C1024&amp;ssl=1 994w, https:\/\/i0.wp.com\/rifondazionegrosseto.com\/wp-content\/uploads\/2024\/02\/17069059866103411013049662232924.jpg?resize=291%2C300&amp;ssl=1 291w, https:\/\/i0.wp.com\/rifondazionegrosseto.com\/wp-content\/uploads\/2024\/02\/17069059866103411013049662232924.jpg?resize=768%2C791&amp;ssl=1 768w, https:\/\/i0.wp.com\/rifondazionegrosseto.com\/wp-content\/uploads\/2024\/02\/17069059866103411013049662232924.jpg?resize=1200%2C1236&amp;ssl=1 1200w, https:\/\/i0.wp.com\/rifondazionegrosseto.com\/wp-content\/uploads\/2024\/02\/17069059866103411013049662232924.jpg?w=1243&amp;ssl=1 1243w\" sizes=\"auto, (max-width: 640px) 100vw, 640px\" \/><\/figure>\n\n\n\n<figure data-amp-lightbox=\"true\" class=\"wp-block-gallery has-nested-images columns-default is-cropped wp-block-gallery-1 is-layout-flex wp-block-gallery-is-layout-flex\"><\/figure>\n\n\n\n<figure class=\"wp-block-image size-large\"><img loading=\"lazy\" decoding=\"async\" width=\"258\" height=\"195\" src=\"https:\/\/i0.wp.com\/rifondazionegrosseto.com\/wp-content\/uploads\/2024\/02\/image_downloader_17078468395818473139024910848534.jpg?resize=258%2C195&#038;ssl=1\" alt=\"\" class=\"wp-image-3412\" srcset=\"https:\/\/i0.wp.com\/rifondazionegrosseto.com\/wp-content\/uploads\/2024\/02\/image_downloader_17078468395818473139024910848534.jpg?w=258&amp;ssl=1 258w, https:\/\/i0.wp.com\/rifondazionegrosseto.com\/wp-content\/uploads\/2024\/02\/image_downloader_17078468395818473139024910848534.jpg?resize=200%2C150&amp;ssl=1 200w\" sizes=\"auto, (max-width: 258px) 100vw, 258px\" \/><\/figure>\n","protected":false},"excerpt":{"rendered":"<p>Contattaci attraverso il modulo che trovi qui inserito , sar\u00e0 nostra premura ricontattarti al pi\u00f9 presto, potrai richiedere sia la tessera adulti&nbsp; sei hai compiuto i 30 anni di et\u00e0 oppure la tessera dei Giovani comunisti se hai dai 14 ai 29 anni<\/p>\n","protected":false},"author":142418367,"featured_media":0,"parent":0,"menu_order":0,"comment_status":"closed","ping_status":"closed","template":"","meta":{"_coblocks_attr":"","_coblocks_dimensions":"","_coblocks_responsive_height":"","_coblocks_accordion_ie_support":"","_crdt_document":"","advanced_seo_description":"","jetpack_seo_html_title":"","jetpack_seo_noindex":false,"footnotes":""},"class_list":["post-1107","page","type-page","status-publish","hentry"],"jetpack_likes_enabled":true,"jetpack_sharing_enabled":true,"jetpack_shortlink":"https:\/\/wp.me\/Pa7x6Y-hR","jetpack-related-posts":[],"amp_enabled":true,"_links":{"self":[{"href":"https:\/\/rifondazionegrosseto.com\/index.php?rest_route=\/wp\/v2\/pages\/1107","targetHints":{"allow":["GET"]}}],"collection":[{"href":"https:\/\/rifondazionegrosseto.com\/index.php?rest_route=\/wp\/v2\/pages"}],"about":[{"href":"https:\/\/rifondazionegrosseto.com\/index.php?rest_route=\/wp\/v2\/types\/page"}],"author":[{"embeddable":true,"href":"https:\/\/rifondazionegrosseto.com\/index.php?rest_route=\/wp\/v2\/users\/142418367"}],"replies":[{"embeddable":true,"href":"https:\/\/rifondazionegrosseto.com\/index.php?rest_route=%2Fwp%2Fv2%2Fcomments&post=1107"}],"version-history":[{"count":10,"href":"https:\/\/rifondazionegrosseto.com\/index.php?rest_route=\/wp\/v2\/pages\/1107\/revisions"}],"predecessor-version":[{"id":3413,"href":"https:\/\/rifondazionegrosseto.com\/index.php?rest_route=\/wp\/v2\/pages\/1107\/revisions\/3413"}],"wp:attachment":[{"href":"https:\/\/rifondazionegrosseto.com\/index.php?rest_route=%2Fwp%2Fv2%2Fmedia&parent=1107"}],"curies":[{"name":"wp","href":"https:\/\/api.w.org\/{rel}","templated":true}]}}