{"id":3,"date":"2018-07-26T17:14:50","date_gmt":"2018-07-26T17:14:50","guid":{"rendered":"https:\/\/rifondazionegrosseto.com\/?page_id=3"},"modified":"2022-01-04T21:42:38","modified_gmt":"2022-01-04T21:42:38","slug":"contatti","status":"publish","type":"page","link":"https:\/\/rifondazionegrosseto.com\/?page_id=3","title":{"rendered":"Contatti"},"content":{"rendered":"<p>Questa \u00e8 una pagina di contatto con alcune informazioni di contatto di base e un modulo di contatto. <div data-test='contact-form'\n\t\t\tid='contact-form-3'\n\t\t\tclass='jetpack-contact-form-container '\n\t\t\tdata-wp-interactive='jetpack\/form' data-wp-context='{\"formId\":\"3\",\"formHash\":\"9d844f9ae991e918633e08eb92f63fe280ae6043\",\"showErrors\":false,\"errors\":[],\"fields\":[],\"isMultiStep\":false,\"useAjax\":false,\"submissionData\":null,\"formattedSubmissionData\":[],\"submissionSuccess\":false,\"submissionError\":null,\"elementId\":\"jp-form-9d844f9ae991e918633e08eb92f63fe280ae6043\",\"isSingleInputForm\":false,\"isForcedHorizontal\":false}'\n\t\t\tdata-wp-watch--scroll-to-wrapper=\"callbacks.scrollToWrapper\"\n\t\t>\n<div class=\"contact-form-submission contact-form-ajax-submission\" data-wp-bind--aria-hidden=\"state.isSuccessMessageAriaHidden\" data-wp-class--submission-success=\"context.submissionSuccess\" id=\"contact-form-success-9d844f9ae991e918633e08eb92f63fe280ae6043\" tabindex=\"-1\" aria-labelledby=\"contact-form-success-header-9d844f9ae991e918633e08eb92f63fe280ae6043\"><p class=\"go-back-message\"><a class=\"link\" role=\"button\" tabindex=\"0\" data-wp-on--click=\"actions.goBack\" href=\"\/index.php?rest_route=%2Fwp%2Fv2%2Fpages%2F3\">\u2190 Precedente<\/a><\/p><h4 data-wp-bind--aria-hidden=\"state.isSuccessMessageAriaHidden\" id=\"contact-form-success-header-9d844f9ae991e918633e08eb92f63fe280ae6043\">Grazie per la risposta. \u2728<\/h4>\n\n<template data-wp-each--submission=\"context.formattedSubmissionData\">\n\t\t\t\t\t<div class=\"jetpack_forms_contact-form-success-summary\">\n\t\t\t\t\t\t<div class=\"field-name-wrapper\">\n\t\t\t\t\t\t\t<div class=\"field-type-icon\" data-wp-watch=\"callbacks.watchFieldTypeIcon\"><\/div>\n\t\t\t\t\t\t\t<div class=\"field-name\" data-wp-text=\"context.submission.label\" data-wp-bind--hidden=\"!context.submission.label\"><\/div>\n\t\t\t\t\t\t<\/div>\n\t\t\t\t\t\t<div class=\"field-value\" data-wp-text=\"context.submission.value\" data-wp-bind--hidden=\"!context.submission.showPlainValue\"><\/div>\n\t\t\t\t\t\t<a class=\"field-url\" data-wp-bind--href=\"context.submission.url\" data-wp-text=\"context.submission.value\" data-wp-bind--hidden=\"!context.submission.url\" target=\"_blank\" rel=\"noopener noreferrer\"><\/a>\n\t\t\t\t\t\t<div class=\"field-rating\" data-wp-bind--hidden=\"!context.submission.rating\" data-wp-watch=\"callbacks.watchRatingIcons\"><\/div>\n\t\t\t\t\t\t<div class=\"field-images\" data-wp-bind--hidden=\"!context.submission.images\">\n\t\t\t\t\t\t\t<template data-wp-each--image=\"context.submission.images\">\n\t\t\t\t\t\t\t\t<div class=\"field-image-option\" data-wp-class--is-empty=\"!context.image.src\">\n\t\t\t\t\t\t\t\t\t<figure class=\"field-image-option__image\" data-wp-class--is-empty=\"!context.image.src\">\n\t\t\t\t\t\t\t\t\t\t<img data-wp-bind--src=\"context.image.src\" data-wp-bind--hidden=\"!context.image.src\" \/>\n\t\t\t\t\t\t\t\t\t\t<img decoding=\"async\" src=\"data:image\/gif;base64,R0lGODlhAQABAAD\/ACwAAAAAAQABAAACADs=\" data-wp-bind--hidden=\"context.image.src\" \/>\n\t\t\t\t\t\t\t\t\t<\/figure>\n\t\t\t\t\t\t\t\t\t<div class=\"field-image-option__label-wrapper\">\n\t\t\t\t\t\t\t\t\t\t<span class=\"field-image-option__label-code\" data-wp-text=\"context.image.letterCode\"><\/span>\n\t\t\t\t\t\t\t\t\t\t<span class=\"field-image-option__label\" data-wp-text=\"context.image.label\" data-wp-bind--hidden=\"!context.image.label\"><\/span>\n\t\t\t\t\t\t\t\t\t<\/div>\n\t\t\t\t\t\t\t\t<\/div>\n\t\t\t\t\t\t\t<\/template>\n\t\t\t\t\t\t<\/div>\n\t\t\t\t\t\t<div class=\"field-files\" data-wp-bind--hidden=\"!context.submission.files\">\n\t\t\t\t\t\t\t<template data-wp-each--file=\"context.submission.files\">\n\t\t\t\t\t\t\t\t<div class=\"field-file\">\n\t\t\t\t\t\t\t\t\t<div class=\"field-file__thumbnail\" data-wp-style--background-image=\"context.file.previewUrl\" data-wp-style--mask-image=\"context.file.iconUrl\" data-wp-bind--hidden=\"!context.file.hasPreview\"><\/div>\n\t\t\t\t\t\t\t\t\t<svg class=\"field-file__icon\" data-wp-bind--hidden=\"context.file.hasPreview\" width=\"20\" height=\"20\" viewBox=\"0 0 24 24\" fill=\"none\" xmlns=\"http:\/\/www.w3.org\/2000\/svg\" aria-hidden=\"true\">\n\t\t\t\t\t\t\t\t\t\t<path d=\"M14 2H6C4.9 2 4 2.9 4 4V20C4 21.1 4.89 22 5.99 22H18C19.1 22 20 21.1 20 20V8L14 2ZM18 20H6V4H13V9H18V20Z\" fill=\"currentColor\"\/>\n\t\t\t\t\t\t\t\t\t<\/svg>\n\t\t\t\t\t\t\t\t\t<span class=\"field-file__name\" data-wp-text=\"context.file.name\"><\/span>\n\t\t\t\t\t\t\t\t\t<span class=\"field-file__size\" data-wp-text=\"context.file.size\"><\/span>\n\t\t\t\t\t\t\t\t<\/div>\n\t\t\t\t\t\t\t<\/template>\n\t\t\t\t\t\t<\/div>\n\t\t\t\t\t<\/div>\n\t\t\t\t<\/template><\/div><form action='https:\/\/rifondazionegrosseto.com\/?page_id=3'\n\t\t\t\tid='jp-form-9d844f9ae991e918633e08eb92f63fe280ae6043'\n\t\t\t\tmethod='post'\n\t\t\t\tclass='contact-form commentsblock jetpack-contact-form__form has-no-jetpack-form-layout' aria-label=\"Contatti\"\n\t\t\t\tdata-wp-on--submit=\"actions.onFormSubmit\"\n\t\t\t\tdata-wp-on--reset=\"actions.onFormReset\"\n\t\t\t\tdata-wp-class--submission-success=\"context.submissionSuccess\"\n\t\t\t\tdata-wp-class--is-first-step=\"state.isFirstStep\"\n\t\t\t\tdata-wp-class--is-last-step=\"state.isLastStep\"\n\t\t\t\tdata-wp-class--is-ajax-form=\"context.useAjax\"\n\t\t\t\tnovalidate >\n<input type='hidden' name='jetpack_contact_form_jwt' value='eyJ0eXAiOiJKV1QiLCJhbGciOiJIUzI1NiJ9.eyJlbmNyeXB0ZWRfYXR0cmlidXRlcyI6IlFmbCswU1pNWVFIT2hwZTdFMGxxS29iMzYyTTRpckhvOFVnalFNVlNLWldqZ3Mxd3Y4TjRDUitMdXFUYTdoOERlVmhxZXVwWGY3L3JpUDRUazZqRjRKRDR3eXp0UzFUMWtMY21rZ3oycERlM3ZMUzN1a3hwUENIMi9NdU5HeWZUbjlUai9EUU9WRUE1SmEzaXNWeVdEb1RBRnlPWXVLTWt3bjBmNWpVU2g2dGJQODFlTGRyZFZiVVFyZVM1ZTAzZUN3dzV6ajRkYXZpNFlDZFFLR2dWbm5XMXh6c1BSZkIwZGhIQjl0K0NqOVc3R0tSZWVsaGZxdzhCZ1dGaVZDcE9qdDZiY0ZNL2tZelBadmtsVjlNS2NMWm00Y2NsSlI3eFZLOFdoTHR3KzNVRU41Z25hMnc2aUx2WjI0YUlNbnZWQk84a2ZuWEMrT0hHOU0zTnF4bXYxVDFyK1RLcTFhdHZxcEZmcmVkdVp6cFdqYllseC9Rd1F5bUpaN2NhUG84d3lKV3hzb1dwM2xxUFd3NjFCNEpOY21oRFkyS3BDK2F2SURXVkdKdkh3Z0FZcUQ3UkhLdlR1NStyalhrcDB6VlNUZlNEN0NUZ0p4eExCVXJDUzB0bDJuMVQ1aDg5K3I0M0RtMUFrY05kTmRGTFVzMTNjSlRQZzU4bHNLT09yM000QmprVzdYL1NEMDRIcFdNK1JBdythMmF3UUtvSFZsNk42SDJoMG1uTUlPS2FyVE40aXh2K0Q4eTR4OVo0MlQ4K2F6UnZmRHlhUmJKK2l6TmVtYWxMb2RJazMvSDhDTGpsb1VjNHNJNkw4YU9pVjFUQmg2Nk1oQWNtTG1ndFF6eWtmeTRyd1FpSFBMSXpwSkxRRVZXWFN5OEk4QXkwU1B6SlJlSmhpamZUUVZhRXgvVHRGRVJBbCtjZkJlVFEraDJoeG1SN0xubHprdWxBK1NKdzVHQVhOdG1BU0VnS1Z3VTBFUEh0RkNINmcxMGQ5S0xOVUdCcVpYL2tjaGwrNDExMTk0bW45UVVyS1gvN3hmUFV2ZmNaQkg1SUQzVGk0cHJab2NCSUtMdW53SUpiSnhHWDJPYWJ0Z1NFR3NjYzU3QktrbFFTRWR2MHhWYlg2dTZvUWlmLzNsRUZna1hsV0FvOTZxdVNGRFNRV0VLNEZ5WFYxNTJLUE14TWdrL3VGNUg0N0pTVVM1Q29QTFJTM3B0L3NCZEFrd2VhN2V6a0xLQkxQenFDRk1BZlZIZU9wRXc4dHk3SFROSDlDNFFYMi82Wjg1RDNaWGtIa2pGTmRSNU9XakJMQW1JPSIsImNvbnRlbnQiOiIiLCJoYXNoIjoiOWQ4NDRmOWFlOTkxZTkxODYzM2UwOGViOTJmNjNmZTI4MGFlNjA0MyIsInNvdXJjZSI6eyJlbnRyeV90aXRsZSI6IkNvbnRhdHRpIiwiZW50cnlfcGFnZSI6MSwic291cmNlX2lkIjozLCJzb3VyY2VfdHlwZSI6InNpbmdsZSIsInJlcXVlc3RfdXJsIjoiaHR0cHM6Ly9yaWZvbmRhemlvbmVncm9zc2V0by5jb20ifSwidmVyc2lvbiI6MiwiY2lwaGVyIjoiYWVzLTI1Ni1nY20ifQ.5TN_HAGJl7rZNBosccmTU3_KPDvax__g2mfdMs1UZ_g' \/>\n\n\t\t\t\t\n<div style=\"\"  data-wp-interactive=\"jetpack\/form\" data-wp-context='{\"fieldId\":\"g3-nome\",\"fieldType\":\"name\",\"fieldLabel\":\"Nome\",\"fieldValue\":\"\",\"fieldPlaceholder\":\"\",\"fieldIsRequired\":\"1\",\"fieldErrorMessage\":\"\",\"fieldExtra\":[],\"formHash\":\"9d844f9ae991e918633e08eb92f63fe280ae6043\"}'  class='grunion-field-name-wrap grunion-field-wrap'  data-wp-init='callbacks.initializeField' data-wp-on--jetpack-form-reset='callbacks.initializeField' >\n<label\n\t\t\t\tfor='g3-nome' class=\"grunion-field-label name\" >Nome<span class=\"grunion-label-required\" aria-hidden=\"true\">(obbligatorio)<\/span><\/label>\n<input\n\t\t\t\t\ttype='text'\n\t\t\t\t\tname='g3-nome'\n\t\t\t\t\tid='g3-nome'\n\t\t\t\t\tvalue=''\n\n\t\t\t\t\tdata-wp-bind--aria-invalid='state.fieldAriaInvalid'\n\t\t\t\t\tdata-wp-bind--value='state.getFieldValue'\n\t\t\t\t\taria-describedby='g3-nome-text-error-message'\n\t\t\t\t\tdata-wp-on--input='actions.onFieldChange'\n\t\t\t\t\tdata-wp-on--blur='actions.onFieldBlur'\n\t\t\t\t\tdata-wp-class--has-value='state.hasFieldValue'\n\n\t\t\t\t\tclass='name  grunion-field' \n\t\t\t\t\trequired='true' aria-required='true'  \/>\n \n\t\t\t<div id=\"g3-nome-text-error\" class=\"contact-form__input-error\" data-wp-class--has-errors=\"state.fieldHasErrors\">\n\t\t\t\t<span class=\"contact-form__warning-icon\" aria-hidden=\"true\">\n\t\t\t\t\t<svg width=\"16\" height=\"16\" viewBox=\"0 0 16 16\" fill=\"none\" xmlns=\"http:\/\/www.w3.org\/2000\/svg\">\n\t\t\t\t\t\t<path d=\"M8.50015 11.6402H7.50015V10.6402H8.50015V11.6402Z\" \/>\n\t\t\t\t\t\t<path d=\"M7.50015 9.64018H8.50015V6.30684H7.50015V9.64018Z\" \/>\n\t\t\t\t\t\t<path fill-rule=\"evenodd\" clip-rule=\"evenodd\" d=\"M6.98331 3.0947C7.42933 2.30177 8.57096 2.30177 9.01698 3.09469L13.8771 11.7349C14.3145 12.5126 13.7525 13.4735 12.8602 13.4735H3.14004C2.24774 13.4735 1.68575 12.5126 2.12321 11.7349L6.98331 3.0947ZM8.14541 3.58496C8.08169 3.47168 7.9186 3.47168 7.85488 3.58496L2.99478 12.2251C2.93229 12.3362 3.01257 12.4735 3.14004 12.4735H12.8602C12.9877 12.4735 13.068 12.3362 13.0055 12.2251L8.14541 3.58496Z\" \/>\n\t\t\t\t\t<\/svg>\n\t\t\t\t<\/span>\n\t\t\t\t<span data-wp-text=\"state.errorMessage\" id=\"g3-nome-text-error-message\"><\/span>\n\t\t\t<\/div> \n\t<\/div>\n\n\t\t\t\t\n<div style=\"\"  data-wp-interactive=\"jetpack\/form\" data-wp-context='{\"fieldId\":\"g3-email\",\"fieldType\":\"email\",\"fieldLabel\":\"Email\",\"fieldValue\":\"\",\"fieldPlaceholder\":\"\",\"fieldIsRequired\":\"1\",\"fieldErrorMessage\":\"\",\"fieldExtra\":[],\"formHash\":\"9d844f9ae991e918633e08eb92f63fe280ae6043\"}'  class='grunion-field-email-wrap grunion-field-wrap'  data-wp-init='callbacks.initializeField' data-wp-on--jetpack-form-reset='callbacks.initializeField' >\n<label\n\t\t\t\tfor='g3-email' class=\"grunion-field-label email\" >Email<span class=\"grunion-label-required\" aria-hidden=\"true\">(obbligatorio)<\/span><\/label>\n<input\n\t\t\t\t\ttype='email'\n\t\t\t\t\tname='g3-email'\n\t\t\t\t\tid='g3-email'\n\t\t\t\t\tvalue=''\n\n\t\t\t\t\tdata-wp-bind--aria-invalid='state.fieldAriaInvalid'\n\t\t\t\t\tdata-wp-bind--value='state.getFieldValue'\n\t\t\t\t\taria-describedby='g3-email-email-error-message'\n\t\t\t\t\tdata-wp-on--input='actions.onFieldChange'\n\t\t\t\t\tdata-wp-on--blur='actions.onFieldBlur'\n\t\t\t\t\tdata-wp-class--has-value='state.hasFieldValue'\n\n\t\t\t\t\tclass='email  grunion-field' \n\t\t\t\t\trequired='true' aria-required='true'  \/>\n \n\t\t\t<div id=\"g3-email-email-error\" class=\"contact-form__input-error\" data-wp-class--has-errors=\"state.fieldHasErrors\">\n\t\t\t\t<span class=\"contact-form__warning-icon\" aria-hidden=\"true\">\n\t\t\t\t\t<svg width=\"16\" height=\"16\" viewBox=\"0 0 16 16\" fill=\"none\" xmlns=\"http:\/\/www.w3.org\/2000\/svg\">\n\t\t\t\t\t\t<path d=\"M8.50015 11.6402H7.50015V10.6402H8.50015V11.6402Z\" \/>\n\t\t\t\t\t\t<path d=\"M7.50015 9.64018H8.50015V6.30684H7.50015V9.64018Z\" \/>\n\t\t\t\t\t\t<path fill-rule=\"evenodd\" clip-rule=\"evenodd\" d=\"M6.98331 3.0947C7.42933 2.30177 8.57096 2.30177 9.01698 3.09469L13.8771 11.7349C14.3145 12.5126 13.7525 13.4735 12.8602 13.4735H3.14004C2.24774 13.4735 1.68575 12.5126 2.12321 11.7349L6.98331 3.0947ZM8.14541 3.58496C8.08169 3.47168 7.9186 3.47168 7.85488 3.58496L2.99478 12.2251C2.93229 12.3362 3.01257 12.4735 3.14004 12.4735H12.8602C12.9877 12.4735 13.068 12.3362 13.0055 12.2251L8.14541 3.58496Z\" \/>\n\t\t\t\t\t<\/svg>\n\t\t\t\t<\/span>\n\t\t\t\t<span data-wp-text=\"state.errorMessage\" id=\"g3-email-email-error-message\"><\/span>\n\t\t\t<\/div> \n\t<\/div>\n\n\t\t\t\t\n<div style=\"\"  data-wp-interactive=\"jetpack\/form\" data-wp-context='{\"fieldId\":\"g3-sitoweb\",\"fieldType\":\"url\",\"fieldLabel\":\"Sito web\",\"fieldValue\":\"\",\"fieldPlaceholder\":\"\",\"fieldIsRequired\":\"\",\"fieldErrorMessage\":\"\",\"fieldExtra\":[],\"formHash\":\"9d844f9ae991e918633e08eb92f63fe280ae6043\"}'  class='grunion-field-url-wrap grunion-field-wrap'  data-wp-init='callbacks.initializeField' data-wp-on--jetpack-form-reset='callbacks.initializeField' >\n<label\n\t\t\t\tfor='g3-sitoweb' class=\"grunion-field-label url\" >Sito web<\/label>\n<input\n\t\t\t\t\ttype='text'\n\t\t\t\t\tname='g3-sitoweb'\n\t\t\t\t\tid='g3-sitoweb'\n\t\t\t\t\tvalue=''\n\n\t\t\t\t\tdata-wp-bind--aria-invalid='state.fieldAriaInvalid'\n\t\t\t\t\tdata-wp-bind--value='state.getFieldValue'\n\t\t\t\t\taria-describedby='g3-sitoweb-text-error-message'\n\t\t\t\t\tdata-wp-on--input='actions.onFieldChange'\n\t\t\t\t\tdata-wp-on--blur='actions.onFieldBlur'\n\t\t\t\t\tdata-wp-class--has-value='state.hasFieldValue'\n\n\t\t\t\t\tclass='url  grunion-field' \n\t\t\t\t\t \/>\n \n\t\t\t<div id=\"g3-sitoweb-text-error\" class=\"contact-form__input-error\" data-wp-class--has-errors=\"state.fieldHasErrors\">\n\t\t\t\t<span class=\"contact-form__warning-icon\" aria-hidden=\"true\">\n\t\t\t\t\t<svg width=\"16\" height=\"16\" viewBox=\"0 0 16 16\" fill=\"none\" xmlns=\"http:\/\/www.w3.org\/2000\/svg\">\n\t\t\t\t\t\t<path d=\"M8.50015 11.6402H7.50015V10.6402H8.50015V11.6402Z\" \/>\n\t\t\t\t\t\t<path d=\"M7.50015 9.64018H8.50015V6.30684H7.50015V9.64018Z\" \/>\n\t\t\t\t\t\t<path fill-rule=\"evenodd\" clip-rule=\"evenodd\" d=\"M6.98331 3.0947C7.42933 2.30177 8.57096 2.30177 9.01698 3.09469L13.8771 11.7349C14.3145 12.5126 13.7525 13.4735 12.8602 13.4735H3.14004C2.24774 13.4735 1.68575 12.5126 2.12321 11.7349L6.98331 3.0947ZM8.14541 3.58496C8.08169 3.47168 7.9186 3.47168 7.85488 3.58496L2.99478 12.2251C2.93229 12.3362 3.01257 12.4735 3.14004 12.4735H12.8602C12.9877 12.4735 13.068 12.3362 13.0055 12.2251L8.14541 3.58496Z\" \/>\n\t\t\t\t\t<\/svg>\n\t\t\t\t<\/span>\n\t\t\t\t<span data-wp-text=\"state.errorMessage\" id=\"g3-sitoweb-text-error-message\"><\/span>\n\t\t\t<\/div> \n\t<\/div>\n\n\t\t\t\t\n<div style=\"\"  data-wp-interactive=\"jetpack\/form\" data-wp-context='{\"fieldId\":\"g3-messaggio\",\"fieldType\":\"textarea\",\"fieldLabel\":\"Messaggio\",\"fieldValue\":\"\",\"fieldPlaceholder\":\"\",\"fieldIsRequired\":\"\",\"fieldErrorMessage\":\"\",\"fieldExtra\":[],\"formHash\":\"9d844f9ae991e918633e08eb92f63fe280ae6043\"}'  class='grunion-field-textarea-wrap grunion-field-wrap'  data-wp-init='callbacks.initializeField' data-wp-on--jetpack-form-reset='callbacks.initializeField' >\n<label\n\t\t\t\tfor='contact-form-comment-g3-messaggio' class=\"grunion-field-label textarea\" >Messaggio<\/label>\n<textarea\n\t\t                style=''\n\t\t                name='g3-messaggio'\n\t\t                id='contact-form-comment-g3-messaggio'\n\t\t                rows='20'\n\t\t\t\t\t\tdata-wp-text='state.getFieldValue'\n\t\t\t\t\t\tdata-wp-on--input='actions.onFieldChange'\n\t\t\t\t\t\tdata-wp-on--blur='actions.onFieldBlur'\n\t\t\t\t\t\tdata-wp-class--has-value='state.hasFieldValue'\n\t\t\t\t\t\taria-describedby='g3-messaggio-textarea-error-message'\n\t\t\t\t\t\tdata-wp-bind--aria-invalid='state.fieldAriaInvalid'\n\t\t\t\t\t\tclass='textarea  grunion-field'  ><\/textarea>\n \n\t\t\t<div id=\"g3-messaggio-textarea-error\" class=\"contact-form__input-error\" data-wp-class--has-errors=\"state.fieldHasErrors\">\n\t\t\t\t<span class=\"contact-form__warning-icon\" aria-hidden=\"true\">\n\t\t\t\t\t<svg width=\"16\" height=\"16\" viewBox=\"0 0 16 16\" fill=\"none\" xmlns=\"http:\/\/www.w3.org\/2000\/svg\">\n\t\t\t\t\t\t<path d=\"M8.50015 11.6402H7.50015V10.6402H8.50015V11.6402Z\" \/>\n\t\t\t\t\t\t<path d=\"M7.50015 9.64018H8.50015V6.30684H7.50015V9.64018Z\" \/>\n\t\t\t\t\t\t<path fill-rule=\"evenodd\" clip-rule=\"evenodd\" d=\"M6.98331 3.0947C7.42933 2.30177 8.57096 2.30177 9.01698 3.09469L13.8771 11.7349C14.3145 12.5126 13.7525 13.4735 12.8602 13.4735H3.14004C2.24774 13.4735 1.68575 12.5126 2.12321 11.7349L6.98331 3.0947ZM8.14541 3.58496C8.08169 3.47168 7.9186 3.47168 7.85488 3.58496L2.99478 12.2251C2.93229 12.3362 3.01257 12.4735 3.14004 12.4735H12.8602C12.9877 12.4735 13.068 12.3362 13.0055 12.2251L8.14541 3.58496Z\" \/>\n\t\t\t\t\t<\/svg>\n\t\t\t\t<\/span>\n\t\t\t\t<span data-wp-text=\"state.errorMessage\" id=\"g3-messaggio-textarea-error-message\"><\/span>\n\t\t\t<\/div>\n\t<\/div>\n\t<p class='contact-submit'>\n<div class=\"contact-form__error\" data-wp-class--show-errors=\"state.showFormErrors\"><span class=\"contact-form__warning-icon\" aria-hidden=\"true\"><i><\/i><\/span><span class=\"contact-form__error-message\" tabindex=\"-1\" data-wp-watch=\"callbacks.focusOnValidationError\" data-wp-text=\"state.getFormErrorMessage\"><\/span><ul aria-label=\"Errori del modulo\">\n\t\t\t\t<template data-wp-each=\"state.getErrorList\" data-wp-key=\"context.item.id\">\n\t\t\t\t\t<li><a data-wp-bind--href=\"context.item.anchor\" data-wp-on--click=\"actions.scrollIntoView\" data-wp-text=\"context.item.label\"><\/a><\/li>\n\t\t\t\t<\/template>\n\t\t\t\t<\/ul><\/div><div class=\"contact-form__error\" data-wp-class--show-errors=\"state.showSubmissionError\" data-wp-text=\"context.submissionError\" tabindex=\"-1\" data-wp-watch=\"callbacks.focusOnSubmissionError\"><\/div>\t\t<button type='submit' class='pushbutton-wide'>Invia<\/button>\t\t<input type='hidden' name='contact-form-id' value='3' \/>\n\t\t<input type='hidden' name='action' value='grunion-contact-form' \/>\n\t\t<input type='hidden' name='contact-form-hash' value='9d844f9ae991e918633e08eb92f63fe280ae6043' \/>\n\t<\/p>\n<p style=\"display: none !important;\" class=\"akismet-fields-container\" data-prefix=\"ak_\"><label>&#916;<textarea name=\"ak_hp_textarea\" cols=\"45\" rows=\"8\" maxlength=\"100\"><\/textarea><\/label><\/p><\/form>\n<\/div>[contact-field label=\"Nome\" type=\"name\" required=\"1\"\/][contact-field label=\"E-mail\" type=\"email\" required=\"1\"\/][contact-field label=\"Sito web\" type=\"url\"\/][contact-field label=\"Commento\" type=\"textarea\" required=\"1\"\/]<\/p>\n","protected":false},"excerpt":{"rendered":"<p>Questa \u00e8 una pagina di contatto con alcune informazioni di contatto di base e un modulo di contatto.<\/p>\n","protected":false},"author":142418367,"featured_media":0,"parent":0,"menu_order":2,"comment_status":"closed","ping_status":"closed","template":"","meta":{"_coblocks_attr":"","_coblocks_dimensions":"","_coblocks_responsive_height":"","_coblocks_accordion_ie_support":"","_crdt_document":"","advanced_seo_description":"","jetpack_seo_html_title":"","jetpack_seo_noindex":false,"footnotes":""},"class_list":["post-3","page","type-page","status-publish","hentry"],"jetpack_likes_enabled":null,"jetpack_sharing_enabled":false,"jetpack_shortlink":"https:\/\/wp.me\/Pa7x6Y-3","jetpack-related-posts":[{"id":581,"url":"https:\/\/rifondazionegrosseto.com\/?page_id=581","url_meta":{"origin":3,"position":0},"title":"10 anni di partito sociale","author":"Rifondazione Comunista Grosseto","date":"9 Febbraio 2020","format":false,"excerpt":"MASSIMA CONDIVISIONEIn dieci anni di Partito Sociale, abbiamo sviluppato pratiche specifiche di solidariet\u00e0 collettiva per rispondere ai bisogni individuali di chi vive le difficolt\u00e0 della crisi economica, sociale e culturale. Emerge, perci\u00f2, in maniera chiara il ruolo politicamente attivo del \u201cpartito sociale\u201d animato dai e dalle comunist*.Dieci anni di pratiche\u2026","rel":"","context":"Articolo simile","block_context":{"text":"Articolo simile","link":""},"img":{"alt_text":"","src":"https:\/\/i0.wp.com\/rifondazionegrosseto.com\/wp-content\/uploads\/2020\/02\/img-20200209-wa00001475429552.jpg?resize=350%2C200&ssl=1","width":350,"height":200,"srcset":"https:\/\/i0.wp.com\/rifondazionegrosseto.com\/wp-content\/uploads\/2020\/02\/img-20200209-wa00001475429552.jpg?resize=350%2C200&ssl=1 1x, https:\/\/i0.wp.com\/rifondazionegrosseto.com\/wp-content\/uploads\/2020\/02\/img-20200209-wa00001475429552.jpg?resize=525%2C300&ssl=1 1.5x, https:\/\/i0.wp.com\/rifondazionegrosseto.com\/wp-content\/uploads\/2020\/02\/img-20200209-wa00001475429552.jpg?resize=700%2C400&ssl=1 2x, https:\/\/i0.wp.com\/rifondazionegrosseto.com\/wp-content\/uploads\/2020\/02\/img-20200209-wa00001475429552.jpg?resize=1050%2C600&ssl=1 3x"},"classes":[]},{"id":1060,"url":"https:\/\/rifondazionegrosseto.com\/?page_id=1060","url_meta":{"origin":3,"position":1},"title":"Rifondazione Comunista : elezioni amministrative Grosseto 2021","author":"Rifondazione Comunista Grosseto","date":"2 Giugno 2021","format":false,"excerpt":"Il Partito della Rifondazione Comunista in vista delle prossime amministrative che riguarderanno anche la nostra citt\u00e0 sta lavorando ormai da mesi su tre punti programmatici. Lo ha fatto curando gli argomenti pi\u00f9 vicini alle singole sensibilit\u00e0 di chi li ha stilati, attraverso la ricerca di fonti, notizie, ragguagli tecnici, contattando\u2026","rel":"","context":"In &quot;Amministrative 2021&quot;","block_context":{"text":"Amministrative 2021","link":"https:\/\/rifondazionegrosseto.com\/?cat=686701767"},"img":{"alt_text":"","src":"https:\/\/i0.wp.com\/rifondazionegrosseto.com\/wp-content\/uploads\/2021\/06\/wp-16228388109855168594253464602142.jpg?resize=350%2C200&ssl=1","width":350,"height":200,"srcset":"https:\/\/i0.wp.com\/rifondazionegrosseto.com\/wp-content\/uploads\/2021\/06\/wp-16228388109855168594253464602142.jpg?resize=350%2C200&ssl=1 1x, https:\/\/i0.wp.com\/rifondazionegrosseto.com\/wp-content\/uploads\/2021\/06\/wp-16228388109855168594253464602142.jpg?resize=525%2C300&ssl=1 1.5x, https:\/\/i0.wp.com\/rifondazionegrosseto.com\/wp-content\/uploads\/2021\/06\/wp-16228388109855168594253464602142.jpg?resize=700%2C400&ssl=1 2x, https:\/\/i0.wp.com\/rifondazionegrosseto.com\/wp-content\/uploads\/2021\/06\/wp-16228388109855168594253464602142.jpg?resize=1050%2C600&ssl=1 3x, https:\/\/i0.wp.com\/rifondazionegrosseto.com\/wp-content\/uploads\/2021\/06\/wp-16228388109855168594253464602142.jpg?resize=1400%2C800&ssl=1 4x"},"classes":[]}],"amp_enabled":true,"_links":{"self":[{"href":"https:\/\/rifondazionegrosseto.com\/index.php?rest_route=\/wp\/v2\/pages\/3","targetHints":{"allow":["GET"]}}],"collection":[{"href":"https:\/\/rifondazionegrosseto.com\/index.php?rest_route=\/wp\/v2\/pages"}],"about":[{"href":"https:\/\/rifondazionegrosseto.com\/index.php?rest_route=\/wp\/v2\/types\/page"}],"author":[{"embeddable":true,"href":"https:\/\/rifondazionegrosseto.com\/index.php?rest_route=\/wp\/v2\/users\/142418367"}],"replies":[{"embeddable":true,"href":"https:\/\/rifondazionegrosseto.com\/index.php?rest_route=%2Fwp%2Fv2%2Fcomments&post=3"}],"version-history":[{"count":2,"href":"https:\/\/rifondazionegrosseto.com\/index.php?rest_route=\/wp\/v2\/pages\/3\/revisions"}],"predecessor-version":[{"id":852,"href":"https:\/\/rifondazionegrosseto.com\/index.php?rest_route=\/wp\/v2\/pages\/3\/revisions\/852"}],"wp:attachment":[{"href":"https:\/\/rifondazionegrosseto.com\/index.php?rest_route=%2Fwp%2Fv2%2Fmedia&parent=3"}],"curies":[{"name":"wp","href":"https:\/\/api.w.org\/{rel}","templated":true}]}}