{"id":581,"date":"2020-02-09T18:12:29","date_gmt":"2020-02-09T18:12:29","guid":{"rendered":"http:\/\/rifondazionegrosseto.com\/10-anni-di-partito-sociale\/"},"modified":"2020-02-09T18:12:29","modified_gmt":"2020-02-09T18:12:29","slug":"10-anni-di-partito-sociale","status":"publish","type":"page","link":"https:\/\/rifondazionegrosseto.com\/?page_id=581","title":{"rendered":"10 anni di partito sociale"},"content":{"rendered":"\n<p class=\"wp-block-paragraph\">MASSIMA CONDIVISIONE<br \/>In dieci anni di Partito Sociale, abbiamo sviluppato pratiche specifiche di solidariet\u00e0 collettiva per rispondere ai bisogni individuali di chi vive le difficolt\u00e0 della crisi economica, sociale e culturale.<\/p>\n\n\n\n<p class=\"wp-block-paragraph\">Emerge, perci\u00f2, in maniera chiara il ruolo politicamente attivo del \u201cpartito sociale\u201d animato dai e dalle comunist*.<br \/>Dieci anni di pratiche sociali ci consegnano uno straordinario lavoro delle\/dei militanti della Rifondazione Comunista: dalla fondazione delle BSA,luogo di connessione con i\/le compagn@ che provengono da altre organizzazioni ed esperienze, alla ri-vendita del pane ad 1 euro fino alla costituzione dei Gruppi di Acquisto Popolare come risposta al carovita, la gestione di banchi alimentari in alcuni casi, doposcuola sociali,mercatini del libro usato, biblioteche popolari, corsi di italiano per migranti,ambulatori popolari, senza dimenticare la nascita ed il diffondersi di associazioni collaterali capaci di promuovere progetti sociali, cultura e sapere, alle pratiche di conflittualit\u00e0 sul diritto all\u2019abitare, sulla tutela popolare dei debitori, le casse di resistenza, e molto altro ancora. In questi anni abbiamo realizzato un po\u2019 ovunque il passaggio dalla teoria alla pratica, arricchendo l\u2019azione politica dei nostri circoli col mutualismo.<br \/>Lungo questo cammino ancora molto bisogna fare, come si \u00e8 evidenziato dalla tre giorni di Spoleto alla tre giorni di Paestum a luglio 2018.<br \/>\u201dMutualismo, conflittualit\u00e0, pratiche sociali, 10 anni di partito sociale&#8221; non solo un titolo ma un filo conduttore della nostra iniziativa.<\/p>\n\n\n\n<p class=\"wp-block-paragraph\">La tre giorni di Paestum che ci ha consegnato una traccia di lavoro politico importante per l\u2019intero corpo del partito da presentare e far vivere nei territori, abbiamo tenuto incontri a Verona, Torino, Milano, Padova in continuit\u00e0 con il report di Paestum \u00e8 stata rilanciata con forza la volont\u00e0 di<br \/>1) un maggiore investimento di tutte\/i, ove siamo presenti sul partito sociale e le pratiche mutualistiche,<\/p>\n\n\n\n<p class=\"wp-block-paragraph\">2) della pubblicazione di un opuscolo che narrasse l&#8217;impegno delle nostre compagne e dei nostri compagni impegnate\/i nelle pratiche sociali ( siamo in dirittura d&#8217;arrivo)<\/p>\n\n\n\n<p class=\"wp-block-paragraph\">3) di una rete nazionale &#8220;SOL.E.D.A.D. rete di mutualismo solidale&#8221; che le caratterizzasse, e<br \/>l\u2019 incontro di Firenze che si terr\u00e0 domenica 15 febbraio , presso Associazione il Melograno, via Aretina 513 dalle ore 10.00 alle ore 17.00,<br \/>presenteremo Sol.e.d.a.d. la rete mutualistica dei compagni e delle compagne della Rifondazione Comunista\u00b8l\u2019articolazione della giornata \u00e8 la seguente:<\/p>\n\n\n\n<ul class=\"wp-block-list\"><li>la mattina, le esperienze mutualistiche del territorio, e ci confronteremo sulla centralit\u00e0 del mutualismo con pratica di lotta e di connessione con le classi popolari,<\/li><li>la sessione pomeridiana mette a confronto le esperienze in, Abruzzo , Lazio, Liguria, Toscana, e Umbria, sulle pratiche di resistenza e di lotta sul diritto alla casa e diritto all\u2019abitare, su il lavoro degli sportelli casa e sulle forme di coordinamento delle varie realt\u00e0 che operano in questo settore.<\/li><\/ul>\n\n\n\n<p class=\"wp-block-paragraph\">Loredana Marino \u2013 resp Partito sociale<br \/>Monica Sgherri &#8211; resp Diritto all&#8217;abitare<\/p>\n\n\n\n<p class=\"wp-block-paragraph\">A pugno chiuso!<\/p>\n\n\n\n<figure class=\"wp-block-image size-large\"><img loading=\"lazy\" decoding=\"async\" width=\"640\" height=\"904\" src=\"https:\/\/i0.wp.com\/rifondazionegrosseto.com\/wp-content\/uploads\/2020\/02\/img-20200209-wa00001475429552.jpg?resize=640%2C904&#038;ssl=1\" alt=\"\" class=\"wp-image-580\" \/><\/figure>\n","protected":false},"excerpt":{"rendered":"<p>MASSIMA CONDIVISIONEIn dieci anni di Partito Sociale, abbiamo sviluppato pratiche specifiche di solidariet\u00e0 collettiva per rispondere ai bisogni individuali di chi vive le difficolt\u00e0 della crisi economica, sociale e culturale. Emerge, perci\u00f2, in maniera chiara il ruolo politicamente attivo del \u201cpartito sociale\u201d animato dai e dalle comunist*.Dieci anni di pratiche sociali ci consegnano uno straordinario [&hellip;]<\/p>\n","protected":false},"author":142418367,"featured_media":0,"parent":0,"menu_order":0,"comment_status":"closed","ping_status":"closed","template":"","meta":{"_coblocks_attr":"","_coblocks_dimensions":"","_coblocks_responsive_height":"","_coblocks_accordion_ie_support":"","_crdt_document":"","advanced_seo_description":"","jetpack_seo_html_title":"","jetpack_seo_noindex":false,"footnotes":""},"class_list":["post-581","page","type-page","status-publish","hentry"],"jetpack_likes_enabled":true,"jetpack_sharing_enabled":true,"jetpack_shortlink":"https:\/\/wp.me\/Pa7x6Y-9n","jetpack-related-posts":[{"id":742,"url":"https:\/\/rifondazionegrosseto.com\/?page_id=742","url_meta":{"origin":581,"position":0},"title":"A 100 anni dalla nascita del Partito Comunista d&#8217;Italia.","author":"Rifondazione Comunista Grosseto","date":"23 Gennaio 2021","format":false,"excerpt":"In mezzo al marasma delle varie crisi che attanagliano la societ\u00e0 italiana,crisi economica , crisi politica ,lontani sempre pi\u00f9 dai dettami della costituzione repubblicana nata dalla resistenza il tutto aggravato e reso ancora pi\u00f9 difficile dalla pandemia da covid-19 siamo giunti al traguardo dei 100 anni dalla nascita del Partito\u2026","rel":"","context":"Articolo simile","block_context":{"text":"Articolo simile","link":""},"img":{"alt_text":"","src":"https:\/\/i0.wp.com\/rifondazionegrosseto.com\/wp-content\/uploads\/2021\/01\/img-20210121-wa00091397314958.jpg?resize=350%2C200&ssl=1","width":350,"height":200,"srcset":"https:\/\/i0.wp.com\/rifondazionegrosseto.com\/wp-content\/uploads\/2021\/01\/img-20210121-wa00091397314958.jpg?resize=350%2C200&ssl=1 1x, https:\/\/i0.wp.com\/rifondazionegrosseto.com\/wp-content\/uploads\/2021\/01\/img-20210121-wa00091397314958.jpg?resize=525%2C300&ssl=1 1.5x, https:\/\/i0.wp.com\/rifondazionegrosseto.com\/wp-content\/uploads\/2021\/01\/img-20210121-wa00091397314958.jpg?resize=700%2C400&ssl=1 2x"},"classes":[]},{"id":1060,"url":"https:\/\/rifondazionegrosseto.com\/?page_id=1060","url_meta":{"origin":581,"position":1},"title":"Rifondazione Comunista : elezioni amministrative Grosseto 2021","author":"Rifondazione Comunista Grosseto","date":"2 Giugno 2021","format":false,"excerpt":"Il Partito della Rifondazione Comunista in vista delle prossime amministrative che riguarderanno anche la nostra citt\u00e0 sta lavorando ormai da mesi su tre punti programmatici. Lo ha fatto curando gli argomenti pi\u00f9 vicini alle singole sensibilit\u00e0 di chi li ha stilati, attraverso la ricerca di fonti, notizie, ragguagli tecnici, contattando\u2026","rel":"","context":"In &quot;Amministrative 2021&quot;","block_context":{"text":"Amministrative 2021","link":"https:\/\/rifondazionegrosseto.com\/?cat=686701767"},"img":{"alt_text":"","src":"https:\/\/i0.wp.com\/rifondazionegrosseto.com\/wp-content\/uploads\/2021\/06\/wp-16228388109855168594253464602142.jpg?resize=350%2C200&ssl=1","width":350,"height":200,"srcset":"https:\/\/i0.wp.com\/rifondazionegrosseto.com\/wp-content\/uploads\/2021\/06\/wp-16228388109855168594253464602142.jpg?resize=350%2C200&ssl=1 1x, https:\/\/i0.wp.com\/rifondazionegrosseto.com\/wp-content\/uploads\/2021\/06\/wp-16228388109855168594253464602142.jpg?resize=525%2C300&ssl=1 1.5x, https:\/\/i0.wp.com\/rifondazionegrosseto.com\/wp-content\/uploads\/2021\/06\/wp-16228388109855168594253464602142.jpg?resize=700%2C400&ssl=1 2x, https:\/\/i0.wp.com\/rifondazionegrosseto.com\/wp-content\/uploads\/2021\/06\/wp-16228388109855168594253464602142.jpg?resize=1050%2C600&ssl=1 3x, https:\/\/i0.wp.com\/rifondazionegrosseto.com\/wp-content\/uploads\/2021\/06\/wp-16228388109855168594253464602142.jpg?resize=1400%2C800&ssl=1 4x"},"classes":[]},{"id":1107,"url":"https:\/\/rifondazionegrosseto.com\/","url_meta":{"origin":581,"position":2},"title":"ISCRIVITI AL CIRCOLO&nbsp; DI RIFONDAZIONE COMUNISTA GROSSETO.","author":"Rifondazione Comunista Grosseto","date":"2 Giugno 2021","format":false,"excerpt":"Contattaci attraverso il modulo che trovi qui inserito , sar\u00e0 nostra premura ricontattarti al pi\u00f9 presto, potrai richiedere sia la tessera adulti\u00a0 sei hai compiuto i 30 anni di et\u00e0 oppure la tessera dei Giovani comunisti se hai dai 14 ai 29 anni","rel":"","context":"In &quot;Partecipazione popolare&quot;","block_context":{"text":"Partecipazione popolare","link":"https:\/\/rifondazionegrosseto.com\/?cat=686701804"},"img":{"alt_text":"","src":"https:\/\/i0.wp.com\/rifondazionegrosseto.com\/wp-content\/uploads\/2021\/06\/wp-16226506247445064819650357897839.png?resize=350%2C200&ssl=1","width":350,"height":200,"srcset":"https:\/\/i0.wp.com\/rifondazionegrosseto.com\/wp-content\/uploads\/2021\/06\/wp-16226506247445064819650357897839.png?resize=350%2C200&ssl=1 1x, https:\/\/i0.wp.com\/rifondazionegrosseto.com\/wp-content\/uploads\/2021\/06\/wp-16226506247445064819650357897839.png?resize=525%2C300&ssl=1 1.5x, https:\/\/i0.wp.com\/rifondazionegrosseto.com\/wp-content\/uploads\/2021\/06\/wp-16226506247445064819650357897839.png?resize=700%2C400&ssl=1 2x"},"classes":[]},{"id":680,"url":"https:\/\/rifondazionegrosseto.com\/?page_id=680","url_meta":{"origin":581,"position":3},"title":"Rifondazione Comunista contro i tagli alla sanit\u00e0","author":"Rifondazione Comunista Grosseto","date":"13 Giugno 2020","format":false,"excerpt":"Oggi sabato 13 giugno eravamo presenti come federazione provinciale del Partito Della Rifondazione Comunista in piazza Dante, lo abbiamo fatto con un presidio per rimarcare ancora una volta la nostra contrariet\u00e0 e indignazione ai tagli indiscriminati ai danni del servizio sanitario nazionale che ha subito attacchi da centro destra e\u2026","rel":"","context":"Articolo simile","block_context":{"text":"Articolo simile","link":""},"img":{"alt_text":"","src":"https:\/\/i0.wp.com\/rifondazionegrosseto.com\/wp-content\/uploads\/2020\/06\/img_20200613_135344_5361607459038.jpg?resize=350%2C200","width":350,"height":200,"srcset":"https:\/\/i0.wp.com\/rifondazionegrosseto.com\/wp-content\/uploads\/2020\/06\/img_20200613_135344_5361607459038.jpg?resize=350%2C200 1x, https:\/\/i0.wp.com\/rifondazionegrosseto.com\/wp-content\/uploads\/2020\/06\/img_20200613_135344_5361607459038.jpg?resize=525%2C300 1.5x, https:\/\/i0.wp.com\/rifondazionegrosseto.com\/wp-content\/uploads\/2020\/06\/img_20200613_135344_5361607459038.jpg?resize=700%2C400 2x"},"classes":[]},{"id":577,"url":"https:\/\/rifondazionegrosseto.com\/?page_id=577","url_meta":{"origin":581,"position":4},"title":"Cena di solidariet\u00e0 con la comunit\u00e0 cinese","author":"Rifondazione Comunista Grosseto","date":"7 Febbraio 2020","format":false,"excerpt":"Alla stampa cittadinaAgli organi di informazione radio televisiviGrosseto 07\/02\/2020Il Circolo di Grosseto del Partito della Rifondazione Comunista invita i cittadini a partecipare ad unacena che si terr\u00e0 presso il ristorante cinese Jin Lai Deng di Piazza de Maria la sera di sabato 15 febbraio apartire dalle ore 20,00L\u2019intento dell\u2019iniziativa \u00e8\u2026","rel":"","context":"Articolo simile","block_context":{"text":"Articolo simile","link":""},"img":{"alt_text":"","src":"https:\/\/i0.wp.com\/rifondazionegrosseto.com\/wp-content\/uploads\/2020\/02\/img-20200207-wa0003-804333538.jpg?resize=350%2C200&ssl=1","width":350,"height":200,"srcset":"https:\/\/i0.wp.com\/rifondazionegrosseto.com\/wp-content\/uploads\/2020\/02\/img-20200207-wa0003-804333538.jpg?resize=350%2C200&ssl=1 1x, https:\/\/i0.wp.com\/rifondazionegrosseto.com\/wp-content\/uploads\/2020\/02\/img-20200207-wa0003-804333538.jpg?resize=525%2C300&ssl=1 1.5x, https:\/\/i0.wp.com\/rifondazionegrosseto.com\/wp-content\/uploads\/2020\/02\/img-20200207-wa0003-804333538.jpg?resize=700%2C400&ssl=1 2x, https:\/\/i0.wp.com\/rifondazionegrosseto.com\/wp-content\/uploads\/2020\/02\/img-20200207-wa0003-804333538.jpg?resize=1050%2C600&ssl=1 3x"},"classes":[]},{"id":708,"url":"https:\/\/rifondazionegrosseto.com\/?page_id=708","url_meta":{"origin":581,"position":5},"title":"Un parlamento diverso","author":"Rifondazione Comunista Grosseto","date":"2 Settembre 2020","format":false,"excerpt":"UN PARLAMENTO DIVERSOLa riduzione del numero dei rappresentanti non determiner\u00e0 solamente un Parlamento pi\u00f9 piccolo con meno deputati e meno senatori, ma determiner\u00e0 un Parlamento diverso con una percentuale maggiore di seggi ai partiti pi\u00f9 grandi e la scomparsa di formazioni non omologate che, sebbene presenti ed attive nella societ\u00e0,\u2026","rel":"","context":"Articolo simile","block_context":{"text":"Articolo simile","link":""},"img":{"alt_text":"","src":"https:\/\/i0.wp.com\/rifondazionegrosseto.com\/wp-content\/uploads\/2019\/04\/img_20190430_001112_361.jpg?resize=350%2C200&ssl=1","width":350,"height":200,"srcset":"https:\/\/i0.wp.com\/rifondazionegrosseto.com\/wp-content\/uploads\/2019\/04\/img_20190430_001112_361.jpg?resize=350%2C200&ssl=1 1x, https:\/\/i0.wp.com\/rifondazionegrosseto.com\/wp-content\/uploads\/2019\/04\/img_20190430_001112_361.jpg?resize=525%2C300&ssl=1 1.5x, https:\/\/i0.wp.com\/rifondazionegrosseto.com\/wp-content\/uploads\/2019\/04\/img_20190430_001112_361.jpg?resize=700%2C400&ssl=1 2x, https:\/\/i0.wp.com\/rifondazionegrosseto.com\/wp-content\/uploads\/2019\/04\/img_20190430_001112_361.jpg?resize=1050%2C600&ssl=1 3x"},"classes":[]}],"amp_enabled":true,"_links":{"self":[{"href":"https:\/\/rifondazionegrosseto.com\/index.php?rest_route=\/wp\/v2\/pages\/581","targetHints":{"allow":["GET"]}}],"collection":[{"href":"https:\/\/rifondazionegrosseto.com\/index.php?rest_route=\/wp\/v2\/pages"}],"about":[{"href":"https:\/\/rifondazionegrosseto.com\/index.php?rest_route=\/wp\/v2\/types\/page"}],"author":[{"embeddable":true,"href":"https:\/\/rifondazionegrosseto.com\/index.php?rest_route=\/wp\/v2\/users\/142418367"}],"replies":[{"embeddable":true,"href":"https:\/\/rifondazionegrosseto.com\/index.php?rest_route=%2Fwp%2Fv2%2Fcomments&post=581"}],"version-history":[{"count":0,"href":"https:\/\/rifondazionegrosseto.com\/index.php?rest_route=\/wp\/v2\/pages\/581\/revisions"}],"wp:attachment":[{"href":"https:\/\/rifondazionegrosseto.com\/index.php?rest_route=%2Fwp%2Fv2%2Fmedia&parent=581"}],"curies":[{"name":"wp","href":"https:\/\/api.w.org\/{rel}","templated":true}]}}