{"id":680,"date":"2020-06-13T14:19:02","date_gmt":"2020-06-13T14:19:02","guid":{"rendered":"http:\/\/rifondazionegrosseto.com\/rifondazione-comunista-contro-i-tagli-alla-sanita\/"},"modified":"2020-06-13T14:19:02","modified_gmt":"2020-06-13T14:19:02","slug":"rifondazione-comunista-contro-i-tagli-alla-sanita","status":"publish","type":"page","link":"https:\/\/rifondazionegrosseto.com\/?page_id=680","title":{"rendered":"Rifondazione Comunista contro i tagli alla sanit\u00e0"},"content":{"rendered":"\n<p class=\"wp-block-paragraph\">Oggi sabato 13 giugno eravamo presenti come federazione provinciale del Partito Della Rifondazione Comunista in piazza Dante, lo abbiamo fatto con un presidio per rimarcare ancora una volta la nostra contrariet\u00e0 e indignazione ai tagli indiscriminati ai danni del servizio sanitario nazionale che ha subito attacchi da centro destra e centro sinistra passando per i vari governi tecnici riducendolo oramai quasi all&#8217;ombra di se stesso, la legge 883 del 1978 che istituiva un unico servizio sanitario universale \u00e8 oramai inesistente , il servizio sanitario unitario sostituito con venti sistemi sanitari differenti che con la pandemia da Covid-19 hanno dimostrato tutto il loro fiato corto e la loro inefficacia soprattutto nelle regioni del nord Italia Lombardia per prima. I 37 miliardi di tagli subiti dalla sanit\u00e0 pubblica negli ultimi 30 anni hanno portato a riduzioni consistenti di posti letto ordinari e soprattutto di terapia intensiva cosa che si \u00e8 dimostrata in tutta la sua gravit\u00e0 con il coronavirus che non solo ha causato numerose vittime ma ha impedito a molte persone di accedere ai servizi di prevenzione e cura in quanto le risicate risorse hanno dovuto essere dirottate verso il contenimento della pandemia. Come Partito Della Rifondazione Comunista federazione di Grosseto chiediamo lo stop ai tagli al sistema sanitario nazionale, chiediamo e vogliamo il suo potenziamento , chiediamo e vogliamo il potenziamento delle attivit\u00e0 di prevenzione , la piena applicazione della legge 883 del 1978. Ringraziamo infine tutto il personale sanitario \u00a0OSS infermieri medici , i volontari , i soccorritori che nonostante tutte le difficolt\u00e0 tentano di assolvere al meglio ai loro compiti e senza i quali la recente tragedia che ci ha colpiti rischiava di essere ben peggiore. Il diritto alle cure \u00e8 sancito dalla nostra costituzione Art.32 .<\/p>\n\n\n\n<figure data-amp-lightbox=\"true\" class=\"wp-block-gallery columns-3 is-cropped wp-block-gallery-1 is-layout-flex wp-block-gallery-is-layout-flex\"><ul class=\"blocks-gallery-grid\"><li class=\"blocks-gallery-item\"><figure><img loading=\"lazy\" decoding=\"async\" width=\"640\" height=\"640\" src=\"https:\/\/i0.wp.com\/rifondazionegrosseto.com\/wp-content\/uploads\/2020\/06\/img_20200613_135344_5361607459038.jpg?resize=640%2C640&#038;ssl=1\" data-id=\"665\" data-link=\"https:\/\/rifondazionegrosseto.com?p=665\" class=\"wp-image-665\"><\/figure><\/li><li class=\"blocks-gallery-item\"><figure><img loading=\"lazy\" decoding=\"async\" width=\"640\" height=\"640\" src=\"https:\/\/i0.wp.com\/rifondazionegrosseto.com\/wp-content\/uploads\/2020\/06\/img_20200613_135344_535-6038826.jpg?resize=640%2C640&#038;ssl=1\" data-id=\"666\" data-link=\"https:\/\/rifondazionegrosseto.com?p=666\" class=\"wp-image-666\"><\/figure><\/li><li class=\"blocks-gallery-item\"><figure><img loading=\"lazy\" decoding=\"async\" width=\"640\" height=\"640\" src=\"https:\/\/i0.wp.com\/rifondazionegrosseto.com\/wp-content\/uploads\/2020\/06\/img_20200613_135344_473-1678409193.jpg?resize=640%2C640&#038;ssl=1\" data-id=\"679\" data-link=\"https:\/\/rifondazionegrosseto.com?p=679\" class=\"wp-image-679\"><\/figure><\/li><li class=\"blocks-gallery-item\"><figure><img loading=\"lazy\" decoding=\"async\" width=\"640\" height=\"480\" src=\"https:\/\/i0.wp.com\/rifondazionegrosseto.com\/wp-content\/uploads\/2020\/06\/img-20200613-wa0009553037674.jpg?resize=640%2C480&#038;ssl=1\" data-id=\"667\" data-link=\"https:\/\/rifondazionegrosseto.com?p=667\" class=\"wp-image-667\"><\/figure><\/li><li class=\"blocks-gallery-item\"><figure><img loading=\"lazy\" decoding=\"async\" width=\"640\" height=\"853\" src=\"https:\/\/i0.wp.com\/rifondazionegrosseto.com\/wp-content\/uploads\/2020\/06\/img-20200613-wa0007751642533.jpg?resize=640%2C853&#038;ssl=1\" data-id=\"668\" data-link=\"https:\/\/rifondazionegrosseto.com?p=668\" class=\"wp-image-668\"><\/figure><\/li><li class=\"blocks-gallery-item\"><figure><img loading=\"lazy\" decoding=\"async\" width=\"640\" height=\"480\" src=\"https:\/\/i0.wp.com\/rifondazionegrosseto.com\/wp-content\/uploads\/2020\/06\/img-20200613-wa0004-738153189.jpg?resize=640%2C480&#038;ssl=1\" data-id=\"669\" data-link=\"https:\/\/rifondazionegrosseto.com?p=669\" class=\"wp-image-669\"><\/figure><\/li><li class=\"blocks-gallery-item\"><figure><img loading=\"lazy\" decoding=\"async\" width=\"640\" height=\"480\" src=\"https:\/\/i0.wp.com\/rifondazionegrosseto.com\/wp-content\/uploads\/2020\/06\/img-20200613-wa00031920297174.jpg?resize=640%2C480&#038;ssl=1\" data-id=\"670\" data-link=\"https:\/\/rifondazionegrosseto.com?p=670\" class=\"wp-image-670\"><\/figure><\/li><li class=\"blocks-gallery-item\"><figure><img loading=\"lazy\" decoding=\"async\" width=\"540\" height=\"960\" src=\"https:\/\/i0.wp.com\/rifondazionegrosseto.com\/wp-content\/uploads\/2020\/06\/img-20200613-wa0002-900944670.jpg?resize=540%2C960&#038;ssl=1\" data-id=\"671\" data-link=\"https:\/\/rifondazionegrosseto.com?p=671\" class=\"wp-image-671\"><\/figure><\/li><li class=\"blocks-gallery-item\"><figure><img loading=\"lazy\" decoding=\"async\" width=\"640\" height=\"480\" src=\"https:\/\/i0.wp.com\/rifondazionegrosseto.com\/wp-content\/uploads\/2020\/06\/img-20200613-wa0001-543692238.jpg?resize=640%2C480&#038;ssl=1\" data-id=\"672\" data-link=\"https:\/\/rifondazionegrosseto.com?p=672\" class=\"wp-image-672\"><\/figure><\/li><li class=\"blocks-gallery-item\"><figure><img loading=\"lazy\" decoding=\"async\" width=\"640\" height=\"480\" src=\"https:\/\/i0.wp.com\/rifondazionegrosseto.com\/wp-content\/uploads\/2020\/06\/img-20200613-wa0000679665141.jpg?resize=640%2C480&#038;ssl=1\" data-id=\"673\" data-link=\"https:\/\/rifondazionegrosseto.com?p=673\" class=\"wp-image-673\"><\/figure><\/li><li class=\"blocks-gallery-item\"><figure><img loading=\"lazy\" decoding=\"async\" width=\"640\" height=\"480\" src=\"https:\/\/i0.wp.com\/rifondazionegrosseto.com\/wp-content\/uploads\/2020\/06\/img-20200613-wa0006-1436103902.jpg?resize=640%2C480&#038;ssl=1\" data-id=\"674\" data-link=\"https:\/\/rifondazionegrosseto.com?p=674\" class=\"wp-image-674\"><\/figure><\/li><li class=\"blocks-gallery-item\"><figure><img loading=\"lazy\" decoding=\"async\" width=\"640\" height=\"480\" src=\"https:\/\/i0.wp.com\/rifondazionegrosseto.com\/wp-content\/uploads\/2020\/06\/img-20200613-wa0008-93167619.jpg?resize=640%2C480&#038;ssl=1\" data-id=\"675\" data-link=\"https:\/\/rifondazionegrosseto.com?p=675\" class=\"wp-image-675\"><\/figure><\/li><li class=\"blocks-gallery-item\"><figure><img loading=\"lazy\" decoding=\"async\" width=\"640\" height=\"480\" src=\"https:\/\/i0.wp.com\/rifondazionegrosseto.com\/wp-content\/uploads\/2020\/06\/img-20200613-wa00121049244722.jpg?resize=640%2C480&#038;ssl=1\" data-id=\"676\" data-link=\"https:\/\/rifondazionegrosseto.com?p=676\" class=\"wp-image-676\"><\/figure><\/li><li class=\"blocks-gallery-item\"><figure><img loading=\"lazy\" decoding=\"async\" width=\"640\" height=\"640\" src=\"https:\/\/i0.wp.com\/rifondazionegrosseto.com\/wp-content\/uploads\/2020\/06\/img_20200613_135344_441-583319737.jpg?resize=640%2C640&#038;ssl=1\" data-id=\"677\" data-link=\"https:\/\/rifondazionegrosseto.com?p=677\" class=\"wp-image-677\"><\/figure><\/li><li class=\"blocks-gallery-item\"><figure><img loading=\"lazy\" decoding=\"async\" width=\"640\" height=\"640\" src=\"https:\/\/i0.wp.com\/rifondazionegrosseto.com\/wp-content\/uploads\/2020\/06\/img_20200613_135344_443-1116166939.jpg?resize=640%2C640&#038;ssl=1\" data-id=\"678\" data-link=\"https:\/\/rifondazionegrosseto.com?p=678\" class=\"wp-image-678\"><\/figure><\/li><\/ul><\/figure>\n","protected":false},"excerpt":{"rendered":"<p>Oggi sabato 13 giugno eravamo presenti come federazione provinciale del Partito Della Rifondazione Comunista in piazza Dante, lo abbiamo fatto con un presidio per rimarcare ancora una volta la nostra contrariet\u00e0 e indignazione ai tagli indiscriminati ai danni del servizio sanitario nazionale che ha subito attacchi da centro destra e centro sinistra passando per i [&hellip;]<\/p>\n","protected":false},"author":142418367,"featured_media":0,"parent":0,"menu_order":0,"comment_status":"closed","ping_status":"closed","template":"","meta":{"_coblocks_attr":"","_coblocks_dimensions":"","_coblocks_responsive_height":"","_coblocks_accordion_ie_support":"","_crdt_document":"","advanced_seo_description":"","jetpack_seo_html_title":"","jetpack_seo_noindex":false,"jetpack_post_was_ever_published":false,"footnotes":""},"class_list":["post-680","page","type-page","status-publish","hentry"],"jetpack_likes_enabled":true,"jetpack_sharing_enabled":true,"jetpack_shortlink":"https:\/\/wp.me\/Pa7x6Y-aY","jetpack-related-posts":[{"id":721,"url":"https:\/\/rifondazionegrosseto.com\/?page_id=721","url_meta":{"origin":680,"position":0},"title":"Sul nuovo dpcm","author":"Rifondazione Comunista Grosseto","date":"27 Ottobre 2020","format":false,"excerpt":"Di sicuro non sappiamo quale potrebbe essere la soluzione migliore al problema o forse la meno peggio in questo caso, non abbiamo n\u00e9 la bacchetta magica ne tantomeno le competenze per affrontare l'argomento Covid19 dal punto di vista tecnico e medico scientifico, crediamo per\u00f2 di avere un sufficiente buon senso\u2026","rel":"","context":"Articolo simile","block_context":{"text":"Articolo simile","link":""},"img":{"alt_text":"","src":"https:\/\/i0.wp.com\/rifondazionegrosseto.com\/wp-content\/uploads\/2020\/10\/img-20201024-wa0000-209449591.jpg?resize=350%2C200&ssl=1","width":350,"height":200,"srcset":"https:\/\/i0.wp.com\/rifondazionegrosseto.com\/wp-content\/uploads\/2020\/10\/img-20201024-wa0000-209449591.jpg?resize=350%2C200&ssl=1 1x, https:\/\/i0.wp.com\/rifondazionegrosseto.com\/wp-content\/uploads\/2020\/10\/img-20201024-wa0000-209449591.jpg?resize=525%2C300&ssl=1 1.5x, https:\/\/i0.wp.com\/rifondazionegrosseto.com\/wp-content\/uploads\/2020\/10\/img-20201024-wa0000-209449591.jpg?resize=700%2C400&ssl=1 2x"},"classes":[]},{"id":1060,"url":"https:\/\/rifondazionegrosseto.com\/?page_id=1060","url_meta":{"origin":680,"position":1},"title":"Rifondazione Comunista : elezioni amministrative Grosseto 2021","author":"Rifondazione Comunista Grosseto","date":"2 Giugno 2021","format":false,"excerpt":"Il Partito della Rifondazione Comunista in vista delle prossime amministrative che riguarderanno anche la nostra citt\u00e0 sta lavorando ormai da mesi su tre punti programmatici. Lo ha fatto curando gli argomenti pi\u00f9 vicini alle singole sensibilit\u00e0 di chi li ha stilati, attraverso la ricerca di fonti, notizie, ragguagli tecnici, contattando\u2026","rel":"","context":"In &quot;Amministrative 2021&quot;","block_context":{"text":"Amministrative 2021","link":"https:\/\/rifondazionegrosseto.com\/?cat=686701767"},"img":{"alt_text":"","src":"https:\/\/i0.wp.com\/rifondazionegrosseto.com\/wp-content\/uploads\/2021\/06\/wp-16228388109855168594253464602142.jpg?resize=350%2C200&ssl=1","width":350,"height":200,"srcset":"https:\/\/i0.wp.com\/rifondazionegrosseto.com\/wp-content\/uploads\/2021\/06\/wp-16228388109855168594253464602142.jpg?resize=350%2C200&ssl=1 1x, https:\/\/i0.wp.com\/rifondazionegrosseto.com\/wp-content\/uploads\/2021\/06\/wp-16228388109855168594253464602142.jpg?resize=525%2C300&ssl=1 1.5x, https:\/\/i0.wp.com\/rifondazionegrosseto.com\/wp-content\/uploads\/2021\/06\/wp-16228388109855168594253464602142.jpg?resize=700%2C400&ssl=1 2x, https:\/\/i0.wp.com\/rifondazionegrosseto.com\/wp-content\/uploads\/2021\/06\/wp-16228388109855168594253464602142.jpg?resize=1050%2C600&ssl=1 3x, https:\/\/i0.wp.com\/rifondazionegrosseto.com\/wp-content\/uploads\/2021\/06\/wp-16228388109855168594253464602142.jpg?resize=1400%2C800&ssl=1 4x"},"classes":[]},{"id":742,"url":"https:\/\/rifondazionegrosseto.com\/?page_id=742","url_meta":{"origin":680,"position":2},"title":"A 100 anni dalla nascita del Partito Comunista d&#8217;Italia.","author":"Rifondazione Comunista Grosseto","date":"23 Gennaio 2021","format":false,"excerpt":"In mezzo al marasma delle varie crisi che attanagliano la societ\u00e0 italiana,crisi economica , crisi politica ,lontani sempre pi\u00f9 dai dettami della costituzione repubblicana nata dalla resistenza il tutto aggravato e reso ancora pi\u00f9 difficile dalla pandemia da covid-19 siamo giunti al traguardo dei 100 anni dalla nascita del Partito\u2026","rel":"","context":"Articolo simile","block_context":{"text":"Articolo simile","link":""},"img":{"alt_text":"","src":"https:\/\/i0.wp.com\/rifondazionegrosseto.com\/wp-content\/uploads\/2021\/01\/img-20210121-wa00091397314958.jpg?resize=350%2C200&ssl=1","width":350,"height":200,"srcset":"https:\/\/i0.wp.com\/rifondazionegrosseto.com\/wp-content\/uploads\/2021\/01\/img-20210121-wa00091397314958.jpg?resize=350%2C200&ssl=1 1x, https:\/\/i0.wp.com\/rifondazionegrosseto.com\/wp-content\/uploads\/2021\/01\/img-20210121-wa00091397314958.jpg?resize=525%2C300&ssl=1 1.5x, https:\/\/i0.wp.com\/rifondazionegrosseto.com\/wp-content\/uploads\/2021\/01\/img-20210121-wa00091397314958.jpg?resize=700%2C400&ssl=1 2x"},"classes":[]},{"id":1107,"url":"https:\/\/rifondazionegrosseto.com\/","url_meta":{"origin":680,"position":3},"title":"ISCRIVITI AL CIRCOLO&nbsp; DI RIFONDAZIONE COMUNISTA GROSSETO.","author":"Rifondazione Comunista Grosseto","date":"2 Giugno 2021","format":false,"excerpt":"Contattaci attraverso il modulo che trovi qui inserito , sar\u00e0 nostra premura ricontattarti al pi\u00f9 presto, potrai richiedere sia la tessera adulti\u00a0 sei hai compiuto i 30 anni di et\u00e0 oppure la tessera dei Giovani comunisti se hai dai 14 ai 29 anni","rel":"","context":"In &quot;Partecipazione popolare&quot;","block_context":{"text":"Partecipazione popolare","link":"https:\/\/rifondazionegrosseto.com\/?cat=686701804"},"img":{"alt_text":"","src":"https:\/\/i0.wp.com\/rifondazionegrosseto.com\/wp-content\/uploads\/2021\/06\/wp-16226506247445064819650357897839.png?resize=350%2C200&ssl=1","width":350,"height":200,"srcset":"https:\/\/i0.wp.com\/rifondazionegrosseto.com\/wp-content\/uploads\/2021\/06\/wp-16226506247445064819650357897839.png?resize=350%2C200&ssl=1 1x, https:\/\/i0.wp.com\/rifondazionegrosseto.com\/wp-content\/uploads\/2021\/06\/wp-16226506247445064819650357897839.png?resize=525%2C300&ssl=1 1.5x, https:\/\/i0.wp.com\/rifondazionegrosseto.com\/wp-content\/uploads\/2021\/06\/wp-16226506247445064819650357897839.png?resize=700%2C400&ssl=1 2x"},"classes":[]},{"id":248,"url":"https:\/\/rifondazionegrosseto.com\/?page_id=248","url_meta":{"origin":680,"position":4},"title":"Festa di Liberazione (Rifondazione Comunista )","author":"Rifondazione Comunista Grosseto","date":"17 Agosto 2018","format":false,"excerpt":"Anche quest'anno la festa di Liberazione vi aspetta alla Pinetina Piombino dal 24 agosto al 2 settembre con dibattiti , spettacoli , musica e buona cucina , non mancate i compagn@ di Piombino vi aspettano","rel":"","context":"Articolo simile","block_context":{"text":"Articolo simile","link":""},"img":{"alt_text":"","src":"https:\/\/i0.wp.com\/rifondazionegrosseto.com\/wp-content\/uploads\/2018\/08\/fb_img_1534533417044-1470440293.jpg?resize=350%2C200&ssl=1","width":350,"height":200,"srcset":"https:\/\/i0.wp.com\/rifondazionegrosseto.com\/wp-content\/uploads\/2018\/08\/fb_img_1534533417044-1470440293.jpg?resize=350%2C200&ssl=1 1x, https:\/\/i0.wp.com\/rifondazionegrosseto.com\/wp-content\/uploads\/2018\/08\/fb_img_1534533417044-1470440293.jpg?resize=525%2C300&ssl=1 1.5x, https:\/\/i0.wp.com\/rifondazionegrosseto.com\/wp-content\/uploads\/2018\/08\/fb_img_1534533417044-1470440293.jpg?resize=700%2C400&ssl=1 2x, https:\/\/i0.wp.com\/rifondazionegrosseto.com\/wp-content\/uploads\/2018\/08\/fb_img_1534533417044-1470440293.jpg?resize=1050%2C600&ssl=1 3x, https:\/\/i0.wp.com\/rifondazionegrosseto.com\/wp-content\/uploads\/2018\/08\/fb_img_1534533417044-1470440293.jpg?resize=1400%2C800&ssl=1 4x"},"classes":[]},{"id":3,"url":"https:\/\/rifondazionegrosseto.com\/?page_id=3","url_meta":{"origin":680,"position":5},"title":"Contatti","author":"Rifondazione Comunista Grosseto","date":"26 Luglio 2018","format":false,"excerpt":"Questa \u00e8 una pagina di contatto con alcune informazioni di contatto di base e un modulo di contatto.","rel":"","context":"Articolo simile","block_context":{"text":"Articolo simile","link":""},"img":{"alt_text":"","src":"","width":0,"height":0},"classes":[]}],"amp_enabled":true,"_links":{"self":[{"href":"https:\/\/rifondazionegrosseto.com\/index.php?rest_route=\/wp\/v2\/pages\/680","targetHints":{"allow":["GET"]}}],"collection":[{"href":"https:\/\/rifondazionegrosseto.com\/index.php?rest_route=\/wp\/v2\/pages"}],"about":[{"href":"https:\/\/rifondazionegrosseto.com\/index.php?rest_route=\/wp\/v2\/types\/page"}],"author":[{"embeddable":true,"href":"https:\/\/rifondazionegrosseto.com\/index.php?rest_route=\/wp\/v2\/users\/142418367"}],"replies":[{"embeddable":true,"href":"https:\/\/rifondazionegrosseto.com\/index.php?rest_route=%2Fwp%2Fv2%2Fcomments&post=680"}],"version-history":[{"count":0,"href":"https:\/\/rifondazionegrosseto.com\/index.php?rest_route=\/wp\/v2\/pages\/680\/revisions"}],"wp:attachment":[{"href":"https:\/\/rifondazionegrosseto.com\/index.php?rest_route=%2Fwp%2Fv2%2Fmedia&parent=680"}],"curies":[{"name":"wp","href":"https:\/\/api.w.org\/{rel}","templated":true}]}}