{"id":721,"date":"2020-10-27T18:38:41","date_gmt":"2020-10-27T18:38:41","guid":{"rendered":"http:\/\/rifondazionegrosseto.com\/sul-nuovo-dpcm\/"},"modified":"2020-10-27T18:38:41","modified_gmt":"2020-10-27T18:38:41","slug":"sul-nuovo-dpcm","status":"publish","type":"page","link":"https:\/\/rifondazionegrosseto.com\/?page_id=721","title":{"rendered":"Sul nuovo dpcm"},"content":{"rendered":"\n<p class=\"wp-block-paragraph\">Di sicuro non sappiamo quale potrebbe essere la soluzione migliore al problema o forse la meno peggio in questo caso, non abbiamo n\u00e9 la bacchetta magica ne tantomeno le competenze per affrontare l&#8217;argomento Covid19 dal punto di vista tecnico e medico scientifico, crediamo per\u00f2 di avere un sufficiente buon senso per affermare con certezza che non si affronta il problema della diffusione dei contagi di fatto chiudendo solo le possibilit\u00e0 di svago concesse, bar, cinema, ristoranti teatri, allo stesso tempo dobbiamo continuare ad affollarci in bus , metropolitane,treni e nelle varie stazioni del trasporto pubblico in tutte le sue varie forme per il quale niente \u00e8 stato fatto per il suo potenziamento eppure una nuova ondata di contagi era sicuramente da mettere in conto, a danno ormai fatto si affianca come rinforzo al trasporto pubblico o quel che ne rimane il privato che ancora una volta quando si tratta di fare profitto sui servizi essenziali gode a scapito della collettivit\u00e0,allo stesso modo dovremo.continuare ad affollarci nelle grandi fabbriche dove spesso risulta difficile se non impossibile anche per come \u00e8 organizzato il lavoro operare a distanza e in sicurezza, ancora pi\u00f9 problematica la situazione per quanto riguarda la sanit\u00e0 pubblica ovvero il settore pi\u00f9 duramente messo alla prova dal Covid19, a risentirne sono sia i cittadini ai quali viene spesso negato il diritto alla salute garantito dalla costituzione, a venire meno \u00e8 anche il diritto di accedere alle cure fenomeno questo non nuovo ma che si \u00e8 reso ancora pi\u00f9 evidente durante la pandemia dove a causa della scarsit\u00e0 di risorse sia di posti letto che di personale medico sanitario si \u00e8 spesso davanti al dilemma chi curare per primo? Estrema attenzione merita appunto il personale operante nella sanit\u00e0 : medic* infermier* OSS , soccorritori costretti a rischi per la propria incolumit\u00e0 molto elevati sia a ritmi di lavoro estenuanti che poco o niente hanno a che fare con il rispetto della dignit\u00e0 di esseri umani e lavoratori; qualche volta sentiamo dire che la tale ASL ha aumentato i posti letto disponibili per le cure intensive e magari anche convenzionali, bene ma non benissimo verrebbe da dire , cosa sono queste operazioni di fronte ad anni di tagli che hanno eliminato migliaia di posti letto e non rimpiazzato altrettante migliaia di addetti? Sicuramente poco pi\u00f9 che tentativi pi\u00f9 o meno mal riusciti di correre ai ripari \u00e8 perci\u00f2 assolutamente necessario recuperare anni di tagli indiscriminati e riparare i danni da essi causati basta perci\u00f2 sovvenzioni a strutture sanitarie private ma esclusivamente a favore del pubblico . le misure adottate dal governo non sono come dice qualcuno esagerate ma casomai troppo leggere e mal ripartite andando a colpire solo alcuni settori. si dovrebbe ad esempio impedire che si speculi sui tamponi si dovrebbero intensificare i controlli sui luoghi di lavoro e se si pensa invece diceva Conte in conferenza stampa di poterci affidare all&#8217;autoregolamentazione al contrario servono regole severe, controlli e sanzioni per chi infrange<\/p>\n\n\n\n<figure class=\"wp-block-image size-large\"><img loading=\"lazy\" decoding=\"async\" width=\"640\" height=\"360\" src=\"https:\/\/i0.wp.com\/rifondazionegrosseto.com\/wp-content\/uploads\/2020\/10\/img-20201024-wa0000-209449591.jpg?resize=640%2C360&#038;ssl=1\" alt=\"\" class=\"wp-image-720\" \/><\/figure>\n","protected":false},"excerpt":{"rendered":"<p>Di sicuro non sappiamo quale potrebbe essere la soluzione migliore al problema o forse la meno peggio in questo caso, non abbiamo n\u00e9 la bacchetta magica ne tantomeno le competenze per affrontare l&#8217;argomento Covid19 dal punto di vista tecnico e medico scientifico, crediamo per\u00f2 di avere un sufficiente buon senso per affermare con certezza che [&hellip;]<\/p>\n","protected":false},"author":142418367,"featured_media":0,"parent":0,"menu_order":0,"comment_status":"closed","ping_status":"closed","template":"","meta":{"_coblocks_attr":"","_coblocks_dimensions":"","_coblocks_responsive_height":"","_coblocks_accordion_ie_support":"","_crdt_document":"","advanced_seo_description":"","jetpack_seo_html_title":"","jetpack_seo_noindex":false,"footnotes":""},"class_list":["post-721","page","type-page","status-publish","hentry"],"jetpack_likes_enabled":true,"jetpack_sharing_enabled":true,"jetpack_shortlink":"https:\/\/wp.me\/Pa7x6Y-bD","jetpack-related-posts":[{"id":1060,"url":"https:\/\/rifondazionegrosseto.com\/?page_id=1060","url_meta":{"origin":721,"position":0},"title":"Rifondazione Comunista : elezioni amministrative Grosseto 2021","author":"Rifondazione Comunista Grosseto","date":"2 Giugno 2021","format":false,"excerpt":"Il Partito della Rifondazione Comunista in vista delle prossime amministrative che riguarderanno anche la nostra citt\u00e0 sta lavorando ormai da mesi su tre punti programmatici. Lo ha fatto curando gli argomenti pi\u00f9 vicini alle singole sensibilit\u00e0 di chi li ha stilati, attraverso la ricerca di fonti, notizie, ragguagli tecnici, contattando\u2026","rel":"","context":"In &quot;Amministrative 2021&quot;","block_context":{"text":"Amministrative 2021","link":"https:\/\/rifondazionegrosseto.com\/?cat=686701767"},"img":{"alt_text":"","src":"https:\/\/i0.wp.com\/rifondazionegrosseto.com\/wp-content\/uploads\/2021\/06\/wp-16228388109855168594253464602142.jpg?resize=350%2C200&ssl=1","width":350,"height":200,"srcset":"https:\/\/i0.wp.com\/rifondazionegrosseto.com\/wp-content\/uploads\/2021\/06\/wp-16228388109855168594253464602142.jpg?resize=350%2C200&ssl=1 1x, https:\/\/i0.wp.com\/rifondazionegrosseto.com\/wp-content\/uploads\/2021\/06\/wp-16228388109855168594253464602142.jpg?resize=525%2C300&ssl=1 1.5x, https:\/\/i0.wp.com\/rifondazionegrosseto.com\/wp-content\/uploads\/2021\/06\/wp-16228388109855168594253464602142.jpg?resize=700%2C400&ssl=1 2x, https:\/\/i0.wp.com\/rifondazionegrosseto.com\/wp-content\/uploads\/2021\/06\/wp-16228388109855168594253464602142.jpg?resize=1050%2C600&ssl=1 3x, https:\/\/i0.wp.com\/rifondazionegrosseto.com\/wp-content\/uploads\/2021\/06\/wp-16228388109855168594253464602142.jpg?resize=1400%2C800&ssl=1 4x"},"classes":[]},{"id":680,"url":"https:\/\/rifondazionegrosseto.com\/?page_id=680","url_meta":{"origin":721,"position":1},"title":"Rifondazione Comunista contro i tagli alla sanit\u00e0","author":"Rifondazione Comunista Grosseto","date":"13 Giugno 2020","format":false,"excerpt":"Oggi sabato 13 giugno eravamo presenti come federazione provinciale del Partito Della Rifondazione Comunista in piazza Dante, lo abbiamo fatto con un presidio per rimarcare ancora una volta la nostra contrariet\u00e0 e indignazione ai tagli indiscriminati ai danni del servizio sanitario nazionale che ha subito attacchi da centro destra e\u2026","rel":"","context":"Articolo simile","block_context":{"text":"Articolo simile","link":""},"img":{"alt_text":"","src":"https:\/\/i0.wp.com\/rifondazionegrosseto.com\/wp-content\/uploads\/2020\/06\/img_20200613_135344_5361607459038.jpg?resize=350%2C200","width":350,"height":200,"srcset":"https:\/\/i0.wp.com\/rifondazionegrosseto.com\/wp-content\/uploads\/2020\/06\/img_20200613_135344_5361607459038.jpg?resize=350%2C200 1x, https:\/\/i0.wp.com\/rifondazionegrosseto.com\/wp-content\/uploads\/2020\/06\/img_20200613_135344_5361607459038.jpg?resize=525%2C300 1.5x, https:\/\/i0.wp.com\/rifondazionegrosseto.com\/wp-content\/uploads\/2020\/06\/img_20200613_135344_5361607459038.jpg?resize=700%2C400 2x"},"classes":[]},{"id":742,"url":"https:\/\/rifondazionegrosseto.com\/?page_id=742","url_meta":{"origin":721,"position":2},"title":"A 100 anni dalla nascita del Partito Comunista d&#8217;Italia.","author":"Rifondazione Comunista Grosseto","date":"23 Gennaio 2021","format":false,"excerpt":"In mezzo al marasma delle varie crisi che attanagliano la societ\u00e0 italiana,crisi economica , crisi politica ,lontani sempre pi\u00f9 dai dettami della costituzione repubblicana nata dalla resistenza il tutto aggravato e reso ancora pi\u00f9 difficile dalla pandemia da covid-19 siamo giunti al traguardo dei 100 anni dalla nascita del Partito\u2026","rel":"","context":"Articolo simile","block_context":{"text":"Articolo simile","link":""},"img":{"alt_text":"","src":"https:\/\/i0.wp.com\/rifondazionegrosseto.com\/wp-content\/uploads\/2021\/01\/img-20210121-wa00091397314958.jpg?resize=350%2C200&ssl=1","width":350,"height":200,"srcset":"https:\/\/i0.wp.com\/rifondazionegrosseto.com\/wp-content\/uploads\/2021\/01\/img-20210121-wa00091397314958.jpg?resize=350%2C200&ssl=1 1x, https:\/\/i0.wp.com\/rifondazionegrosseto.com\/wp-content\/uploads\/2021\/01\/img-20210121-wa00091397314958.jpg?resize=525%2C300&ssl=1 1.5x, https:\/\/i0.wp.com\/rifondazionegrosseto.com\/wp-content\/uploads\/2021\/01\/img-20210121-wa00091397314958.jpg?resize=700%2C400&ssl=1 2x"},"classes":[]},{"id":581,"url":"https:\/\/rifondazionegrosseto.com\/?page_id=581","url_meta":{"origin":721,"position":3},"title":"10 anni di partito sociale","author":"Rifondazione Comunista Grosseto","date":"9 Febbraio 2020","format":false,"excerpt":"MASSIMA CONDIVISIONEIn dieci anni di Partito Sociale, abbiamo sviluppato pratiche specifiche di solidariet\u00e0 collettiva per rispondere ai bisogni individuali di chi vive le difficolt\u00e0 della crisi economica, sociale e culturale. Emerge, perci\u00f2, in maniera chiara il ruolo politicamente attivo del \u201cpartito sociale\u201d animato dai e dalle comunist*.Dieci anni di pratiche\u2026","rel":"","context":"Articolo simile","block_context":{"text":"Articolo simile","link":""},"img":{"alt_text":"","src":"https:\/\/i0.wp.com\/rifondazionegrosseto.com\/wp-content\/uploads\/2020\/02\/img-20200209-wa00001475429552.jpg?resize=350%2C200&ssl=1","width":350,"height":200,"srcset":"https:\/\/i0.wp.com\/rifondazionegrosseto.com\/wp-content\/uploads\/2020\/02\/img-20200209-wa00001475429552.jpg?resize=350%2C200&ssl=1 1x, https:\/\/i0.wp.com\/rifondazionegrosseto.com\/wp-content\/uploads\/2020\/02\/img-20200209-wa00001475429552.jpg?resize=525%2C300&ssl=1 1.5x, https:\/\/i0.wp.com\/rifondazionegrosseto.com\/wp-content\/uploads\/2020\/02\/img-20200209-wa00001475429552.jpg?resize=700%2C400&ssl=1 2x, https:\/\/i0.wp.com\/rifondazionegrosseto.com\/wp-content\/uploads\/2020\/02\/img-20200209-wa00001475429552.jpg?resize=1050%2C600&ssl=1 3x"},"classes":[]},{"id":818,"url":"https:\/\/rifondazionegrosseto.com\/?page_id=818","url_meta":{"origin":721,"position":4},"title":"Stop morti sul lavoro.","author":"Rifondazione Comunista Grosseto","date":"22 Maggio 2021","format":false,"excerpt":"La parola sicurezza molti la pronunciano ogni volta se ne presenta l'occasione ; esiste per\u00f2 un altro genere di sicurezza che meriterebbe ben altra attenzione ed \u00e8 quella sui luoghi di lavoro, al contrario la scarsa considerazione verso di essa da parte della destra e di chi detiene i mezzi\u2026","rel":"","context":"Articolo simile","block_context":{"text":"Articolo simile","link":""},"img":{"alt_text":"","src":"https:\/\/i0.wp.com\/rifondazionegrosseto.com\/wp-content\/uploads\/2021\/05\/fb_img_1621666370429.jpg?fit=540%2C960&ssl=1&resize=350%2C200","width":350,"height":200,"srcset":"https:\/\/i0.wp.com\/rifondazionegrosseto.com\/wp-content\/uploads\/2021\/05\/fb_img_1621666370429.jpg?fit=540%2C960&ssl=1&resize=350%2C200 1x, https:\/\/i0.wp.com\/rifondazionegrosseto.com\/wp-content\/uploads\/2021\/05\/fb_img_1621666370429.jpg?fit=540%2C960&ssl=1&resize=525%2C300 1.5x"},"classes":[]}],"amp_enabled":true,"_links":{"self":[{"href":"https:\/\/rifondazionegrosseto.com\/index.php?rest_route=\/wp\/v2\/pages\/721","targetHints":{"allow":["GET"]}}],"collection":[{"href":"https:\/\/rifondazionegrosseto.com\/index.php?rest_route=\/wp\/v2\/pages"}],"about":[{"href":"https:\/\/rifondazionegrosseto.com\/index.php?rest_route=\/wp\/v2\/types\/page"}],"author":[{"embeddable":true,"href":"https:\/\/rifondazionegrosseto.com\/index.php?rest_route=\/wp\/v2\/users\/142418367"}],"replies":[{"embeddable":true,"href":"https:\/\/rifondazionegrosseto.com\/index.php?rest_route=%2Fwp%2Fv2%2Fcomments&post=721"}],"version-history":[{"count":0,"href":"https:\/\/rifondazionegrosseto.com\/index.php?rest_route=\/wp\/v2\/pages\/721\/revisions"}],"wp:attachment":[{"href":"https:\/\/rifondazionegrosseto.com\/index.php?rest_route=%2Fwp%2Fv2%2Fmedia&parent=721"}],"curies":[{"name":"wp","href":"https:\/\/api.w.org\/{rel}","templated":true}]}}