{"id":818,"date":"2021-05-22T07:01:37","date_gmt":"2021-05-22T07:01:37","guid":{"rendered":"http:\/\/rifondazionegrosseto.com\/?page_id=818"},"modified":"2021-05-22T07:08:36","modified_gmt":"2021-05-22T07:08:36","slug":"stop-morti-sul-lavoro","status":"publish","type":"page","link":"https:\/\/rifondazionegrosseto.com\/?page_id=818","title":{"rendered":"Stop morti sul lavoro."},"content":{"rendered":"\n<p class=\"wp-block-paragraph\">La parola sicurezza molti la pronunciano ogni volta se ne presenta l&#8217;occasione ; esiste per\u00f2 un altro genere di sicurezza che meriterebbe ben altra attenzione ed \u00e8 quella sui luoghi di lavoro, al contrario la scarsa considerazione verso di essa da parte della destra e di chi detiene i mezzi di produzione ma anche purtroppo da parte di una certa diciamo sinistra, governo e istituzioni causa vittime in numero che potrebbe essere paragonato a una guerra ; ultima vittima innocente una ragazza di 22 anni finita stritolata in un macchinario di un azienda tessile di Prato e forse chiss\u00e0 se non in triste compagnia di altri dei quali non ci \u00e8 stata data notizia. Come si inverte questa tendenza? La risposta sarebbe ovvia , scontata , controlli a tappeto eseguiti con regolarit\u00e0 , formazione professionale adeguata cos\u00ec come una corretta informazione dei rischi , fornitura adeguata di dispositivi di protezione in base alle mansioni svolte; l&#8217;ovviet\u00e0 in certi casi sembra per\u00f2 non funzionare affatto ; la verit\u00e0 \u00e8 che controlli in merito alla sicurezza sui luoghi di lavoro cos\u00ec come la formazione sono molto scarsi sia in numero che in un certo senso in qualit\u00e0 fino a sfiorare in alcuni casi vere e proprie messinscena con addetti al controllo e o alla formazione direttamente scelti e pagati da chi deve essere controllato, corsi di formazione e informazione dei rischi molto spesso hanno pi\u00f9 l&#8217;aria di essere studiati per l&#8217;interesse aziendale che per per proteggere e tutelare il dipendente. La sicurezza sul lavoro , il rispetto delle norme, la necessit\u00e0 di adeguarsi in caso di necessit\u00e0 per molte imprese sono un impiccio ,un qualcosa da sacrificare sull&#8217;altare del profitto e pazienza se qualcuno ci rimetter\u00e0 una mano , un braccio , rimarr\u00e0 invalido a vita o peggio ancora pagher\u00e0 con la propria vita la sete di profitto di qualche avido di turno. \u00c8 assolutamente necessario perci\u00f2 effettuare controlli e corsi di formazione tenuti da personale assolutamente lontano da ogni conflitto di interesse tra le parti ; l&#8217;assunzione di ispettori da parte del pubblico impiegati in queste mansioni \u00e8 assolutamente necessaria . La scelta alternativa? Quella attuale , continuare a contare infortunati e morti.<\/p>\n\n\n\n<figure data-amp-lightbox=\"true\" class=\"wp-block-gallery columns-3 is-cropped wp-block-gallery-1 is-layout-flex wp-block-gallery-is-layout-flex\"><ul class=\"blocks-gallery-grid\"><li class=\"blocks-gallery-item\"><figure><img loading=\"lazy\" decoding=\"async\" width=\"640\" height=\"479\" src=\"https:\/\/i0.wp.com\/rifondazionegrosseto.com\/wp-content\/uploads\/2021\/05\/fb_img_1621666459356-1407823426.jpg?resize=640%2C479&#038;ssl=1\" data-id=\"814\" class=\"wp-image-814\" \/><\/figure><\/li><li class=\"blocks-gallery-item\"><figure><img loading=\"lazy\" decoding=\"async\" width=\"540\" height=\"960\" src=\"https:\/\/i0.wp.com\/rifondazionegrosseto.com\/wp-content\/uploads\/2021\/05\/fb_img_16216663704292062710732.jpg?resize=540%2C960&#038;ssl=1\" data-id=\"813\" class=\"wp-image-813\" \/><\/figure><\/li><li class=\"blocks-gallery-item\"><figure><img loading=\"lazy\" decoding=\"async\" width=\"640\" height=\"853\" src=\"https:\/\/i0.wp.com\/rifondazionegrosseto.com\/wp-content\/uploads\/2021\/05\/fb_img_1621666437805125649280.jpg?resize=640%2C853&#038;ssl=1\" data-id=\"812\" class=\"wp-image-812\" \/><\/figure><\/li><li class=\"blocks-gallery-item\"><figure><img loading=\"lazy\" decoding=\"async\" width=\"640\" height=\"853\" src=\"https:\/\/i0.wp.com\/rifondazionegrosseto.com\/wp-content\/uploads\/2021\/05\/fb_img_16216664659911382719611.jpg?resize=640%2C853&#038;ssl=1\" data-id=\"811\" class=\"wp-image-811\" \/><\/figure><\/li><li class=\"blocks-gallery-item\"><figure><img loading=\"lazy\" decoding=\"async\" width=\"540\" height=\"960\" src=\"https:\/\/i0.wp.com\/rifondazionegrosseto.com\/wp-content\/uploads\/2021\/05\/fb_img_16216663628421117482376.jpg?resize=540%2C960&#038;ssl=1\" data-id=\"815\" class=\"wp-image-815\" \/><\/figure><\/li><li class=\"blocks-gallery-item\"><figure><img loading=\"lazy\" decoding=\"async\" width=\"540\" height=\"960\" src=\"https:\/\/i0.wp.com\/rifondazionegrosseto.com\/wp-content\/uploads\/2021\/05\/fb_img_1621666447264-760727703.jpg?resize=540%2C960&#038;ssl=1\" data-id=\"816\" class=\"wp-image-816\" \/><\/figure><\/li><\/ul><\/figure>\n","protected":false},"excerpt":{"rendered":"<p>La parola sicurezza molti la pronunciano ogni volta se ne presenta l&#8217;occasione ; esiste per\u00f2 un altro genere di sicurezza che meriterebbe ben altra attenzione ed \u00e8 quella sui luoghi di lavoro, al contrario la scarsa considerazione verso di essa da parte della destra e di chi detiene i mezzi di produzione ma anche purtroppo [&hellip;]<\/p>\n","protected":false},"author":142418367,"featured_media":823,"parent":0,"menu_order":0,"comment_status":"closed","ping_status":"closed","template":"","meta":{"_coblocks_attr":"","_coblocks_dimensions":"","_coblocks_responsive_height":"","_coblocks_accordion_ie_support":"","_crdt_document":"","advanced_seo_description":"","jetpack_seo_html_title":"","jetpack_seo_noindex":false,"jetpack_post_was_ever_published":false,"footnotes":""},"class_list":["post-818","page","type-page","status-publish","has-post-thumbnail","hentry"],"jetpack_likes_enabled":true,"jetpack_sharing_enabled":true,"jetpack_shortlink":"https:\/\/wp.me\/Pa7x6Y-dc","jetpack-related-posts":[{"id":721,"url":"https:\/\/rifondazionegrosseto.com\/?page_id=721","url_meta":{"origin":818,"position":0},"title":"Sul nuovo dpcm","author":"Rifondazione Comunista Grosseto","date":"27 Ottobre 2020","format":false,"excerpt":"Di sicuro non sappiamo quale potrebbe essere la soluzione migliore al problema o forse la meno peggio in questo caso, non abbiamo n\u00e9 la bacchetta magica ne tantomeno le competenze per affrontare l'argomento Covid19 dal punto di vista tecnico e medico scientifico, crediamo per\u00f2 di avere un sufficiente buon senso\u2026","rel":"","context":"Articolo simile","block_context":{"text":"Articolo simile","link":""},"img":{"alt_text":"","src":"https:\/\/i0.wp.com\/rifondazionegrosseto.com\/wp-content\/uploads\/2020\/10\/img-20201024-wa0000-209449591.jpg?resize=350%2C200&ssl=1","width":350,"height":200,"srcset":"https:\/\/i0.wp.com\/rifondazionegrosseto.com\/wp-content\/uploads\/2020\/10\/img-20201024-wa0000-209449591.jpg?resize=350%2C200&ssl=1 1x, https:\/\/i0.wp.com\/rifondazionegrosseto.com\/wp-content\/uploads\/2020\/10\/img-20201024-wa0000-209449591.jpg?resize=525%2C300&ssl=1 1.5x, https:\/\/i0.wp.com\/rifondazionegrosseto.com\/wp-content\/uploads\/2020\/10\/img-20201024-wa0000-209449591.jpg?resize=700%2C400&ssl=1 2x"},"classes":[]},{"id":680,"url":"https:\/\/rifondazionegrosseto.com\/?page_id=680","url_meta":{"origin":818,"position":1},"title":"Rifondazione Comunista contro i tagli alla sanit\u00e0","author":"Rifondazione Comunista Grosseto","date":"13 Giugno 2020","format":false,"excerpt":"Oggi sabato 13 giugno eravamo presenti come federazione provinciale del Partito Della Rifondazione Comunista in piazza Dante, lo abbiamo fatto con un presidio per rimarcare ancora una volta la nostra contrariet\u00e0 e indignazione ai tagli indiscriminati ai danni del servizio sanitario nazionale che ha subito attacchi da centro destra e\u2026","rel":"","context":"Articolo simile","block_context":{"text":"Articolo simile","link":""},"img":{"alt_text":"","src":"https:\/\/i0.wp.com\/rifondazionegrosseto.com\/wp-content\/uploads\/2020\/06\/img_20200613_135344_5361607459038.jpg?resize=350%2C200","width":350,"height":200,"srcset":"https:\/\/i0.wp.com\/rifondazionegrosseto.com\/wp-content\/uploads\/2020\/06\/img_20200613_135344_5361607459038.jpg?resize=350%2C200 1x, https:\/\/i0.wp.com\/rifondazionegrosseto.com\/wp-content\/uploads\/2020\/06\/img_20200613_135344_5361607459038.jpg?resize=525%2C300 1.5x, https:\/\/i0.wp.com\/rifondazionegrosseto.com\/wp-content\/uploads\/2020\/06\/img_20200613_135344_5361607459038.jpg?resize=700%2C400 2x"},"classes":[]},{"id":1060,"url":"https:\/\/rifondazionegrosseto.com\/?page_id=1060","url_meta":{"origin":818,"position":2},"title":"Rifondazione Comunista : elezioni amministrative Grosseto 2021","author":"Rifondazione Comunista Grosseto","date":"2 Giugno 2021","format":false,"excerpt":"Il Partito della Rifondazione Comunista in vista delle prossime amministrative che riguarderanno anche la nostra citt\u00e0 sta lavorando ormai da mesi su tre punti programmatici. Lo ha fatto curando gli argomenti pi\u00f9 vicini alle singole sensibilit\u00e0 di chi li ha stilati, attraverso la ricerca di fonti, notizie, ragguagli tecnici, contattando\u2026","rel":"","context":"In &quot;Amministrative 2021&quot;","block_context":{"text":"Amministrative 2021","link":"https:\/\/rifondazionegrosseto.com\/?cat=686701767"},"img":{"alt_text":"","src":"https:\/\/i0.wp.com\/rifondazionegrosseto.com\/wp-content\/uploads\/2021\/06\/wp-16228388109855168594253464602142.jpg?resize=350%2C200&ssl=1","width":350,"height":200,"srcset":"https:\/\/i0.wp.com\/rifondazionegrosseto.com\/wp-content\/uploads\/2021\/06\/wp-16228388109855168594253464602142.jpg?resize=350%2C200&ssl=1 1x, https:\/\/i0.wp.com\/rifondazionegrosseto.com\/wp-content\/uploads\/2021\/06\/wp-16228388109855168594253464602142.jpg?resize=525%2C300&ssl=1 1.5x, https:\/\/i0.wp.com\/rifondazionegrosseto.com\/wp-content\/uploads\/2021\/06\/wp-16228388109855168594253464602142.jpg?resize=700%2C400&ssl=1 2x, https:\/\/i0.wp.com\/rifondazionegrosseto.com\/wp-content\/uploads\/2021\/06\/wp-16228388109855168594253464602142.jpg?resize=1050%2C600&ssl=1 3x, https:\/\/i0.wp.com\/rifondazionegrosseto.com\/wp-content\/uploads\/2021\/06\/wp-16228388109855168594253464602142.jpg?resize=1400%2C800&ssl=1 4x"},"classes":[]},{"id":231,"url":"https:\/\/rifondazionegrosseto.com\/?page_id=231","url_meta":{"origin":818,"position":3},"title":"Sostieni il circolo di Grosseto.","author":"Rifondazione Comunista Grosseto","date":"16 Agosto 2018","format":false,"excerpt":"Sostieni la buona politica , quell'azione dalla parte del popolo ,dei lavoratori , studenti e di tutte le classi pi\u00f9 deboli , non facciamo promesse , lavoriamo ogni giorno con i nostri pochi mezzi per una societ\u00e0 migliore ed equa","rel":"","context":"Articolo simile","block_context":{"text":"Articolo simile","link":""},"img":{"alt_text":"","src":"","width":0,"height":0},"classes":[]},{"id":581,"url":"https:\/\/rifondazionegrosseto.com\/?page_id=581","url_meta":{"origin":818,"position":4},"title":"10 anni di partito sociale","author":"Rifondazione Comunista Grosseto","date":"9 Febbraio 2020","format":false,"excerpt":"MASSIMA CONDIVISIONEIn dieci anni di Partito Sociale, abbiamo sviluppato pratiche specifiche di solidariet\u00e0 collettiva per rispondere ai bisogni individuali di chi vive le difficolt\u00e0 della crisi economica, sociale e culturale. Emerge, perci\u00f2, in maniera chiara il ruolo politicamente attivo del \u201cpartito sociale\u201d animato dai e dalle comunist*.Dieci anni di pratiche\u2026","rel":"","context":"Articolo simile","block_context":{"text":"Articolo simile","link":""},"img":{"alt_text":"","src":"https:\/\/i0.wp.com\/rifondazionegrosseto.com\/wp-content\/uploads\/2020\/02\/img-20200209-wa00001475429552.jpg?resize=350%2C200&ssl=1","width":350,"height":200,"srcset":"https:\/\/i0.wp.com\/rifondazionegrosseto.com\/wp-content\/uploads\/2020\/02\/img-20200209-wa00001475429552.jpg?resize=350%2C200&ssl=1 1x, https:\/\/i0.wp.com\/rifondazionegrosseto.com\/wp-content\/uploads\/2020\/02\/img-20200209-wa00001475429552.jpg?resize=525%2C300&ssl=1 1.5x, https:\/\/i0.wp.com\/rifondazionegrosseto.com\/wp-content\/uploads\/2020\/02\/img-20200209-wa00001475429552.jpg?resize=700%2C400&ssl=1 2x, https:\/\/i0.wp.com\/rifondazionegrosseto.com\/wp-content\/uploads\/2020\/02\/img-20200209-wa00001475429552.jpg?resize=1050%2C600&ssl=1 3x"},"classes":[]},{"id":1005,"url":"https:\/\/rifondazionegrosseto.com\/?page_id=1005","url_meta":{"origin":818,"position":5},"title":"Informazioni","author":"Rifondazione Comunista Grosseto","date":"1 Giugno 2021","format":false,"excerpt":"I visitatori desiderano sapere chi si trova dall'altra parte della pagina. Utilizza questo spazio per scrivere qualcosa di te, del tuo sito, del tuo business o di qualsiasi cosa tu desideri. Usa le testimonianze di seguito per citare gli altri, parlando dello stesso tema, con le loro parole. Questo \u00e8\u2026","rel":"","context":"Articolo simile","block_context":{"text":"Articolo simile","link":""},"img":{"alt_text":"","src":"","width":0,"height":0},"classes":[]}],"amp_enabled":true,"_links":{"self":[{"href":"https:\/\/rifondazionegrosseto.com\/index.php?rest_route=\/wp\/v2\/pages\/818","targetHints":{"allow":["GET"]}}],"collection":[{"href":"https:\/\/rifondazionegrosseto.com\/index.php?rest_route=\/wp\/v2\/pages"}],"about":[{"href":"https:\/\/rifondazionegrosseto.com\/index.php?rest_route=\/wp\/v2\/types\/page"}],"author":[{"embeddable":true,"href":"https:\/\/rifondazionegrosseto.com\/index.php?rest_route=\/wp\/v2\/users\/142418367"}],"replies":[{"embeddable":true,"href":"https:\/\/rifondazionegrosseto.com\/index.php?rest_route=%2Fwp%2Fv2%2Fcomments&post=818"}],"version-history":[{"count":1,"href":"https:\/\/rifondazionegrosseto.com\/index.php?rest_route=\/wp\/v2\/pages\/818\/revisions"}],"predecessor-version":[{"id":820,"href":"https:\/\/rifondazionegrosseto.com\/index.php?rest_route=\/wp\/v2\/pages\/818\/revisions\/820"}],"wp:featuredmedia":[{"embeddable":true,"href":"https:\/\/rifondazionegrosseto.com\/index.php?rest_route=\/wp\/v2\/media\/823"}],"wp:attachment":[{"href":"https:\/\/rifondazionegrosseto.com\/index.php?rest_route=%2Fwp%2Fv2%2Fmedia&parent=818"}],"curies":[{"name":"wp","href":"https:\/\/api.w.org\/{rel}","templated":true}]}}